{"id":3389,"date":"2021-11-18T12:05:58","date_gmt":"2021-11-18T11:05:58","guid":{"rendered":"https:\/\/www.curavac.com\/le-conseil-consultatif-independant"},"modified":"2025-03-18T12:56:43","modified_gmt":"2025-03-18T11:56:43","slug":"le-conseil-consultatif-independant","status":"publish","type":"page","link":"https:\/\/www.curavac.com\/fr\/le-conseil-consultatif-independant","title":{"rendered":"Le conseil consultatif ind\u00e9pendant"},"content":{"rendered":"\n<p>Le Conseil consultatif ind\u00e9pendant de CuraVac est compos\u00e9 de cinq sp\u00e9cialistes cl\u00e9s issus de l&rsquo;industrie ou du monde universitaire qui assistent l&rsquo;\u00e9quipe de direction de CuraVac dans ses d\u00e9cisions strat\u00e9giques gr\u00e2ce \u00e0 leur pr\u00e9cieuse contribution.<\/p>\n\n<h5 class=\"wp-block-heading\">Dr. Didier Hoch, M.D.<\/h5>\n\n<figure><a href=\"hts:\/\/www.curavac.com\/wp-content\/uploads\/2014\/08\/Hoch_D_2014_200.jpg\"><img decoding=\"async\" src=\"hts:\/\/www.curavac.com\/wp-content\/uploads\/2014\/08\/Hoch_D_2014_200-199x300.jpg\" alt=\"Hoch_D_2014_200\"\/><\/a><\/figure>\n<p>Didier Hoch est le PDG de BIOVISION, le Forum mondial des sciences de la vie. Il est m\u00e9decin et poss\u00e8de plus de 25 ans d&rsquo;exp\u00e9rience dans l&rsquo;industrie pharmaceutique et des vaccins. De 2000 \u00e0 2010, il a dirig\u00e9 Sanofi Pasteur MSD, leader du march\u00e9 des vaccins, responsable du d\u00e9veloppement et de la distribution de plusieurs vaccins, dont Gardasil. De 2003 \u00e0 2009, il a \u00e9t\u00e9 pr\u00e9sident de l&rsquo;Association europ\u00e9enne des fabricants de vaccins (EVM).<\/p>\n\n<p>Depuis 2009, Didier Hoch pr\u00e9side le Comit\u00e9 Sant\u00e9 et Science du MEDEF et est membre du conseil d&rsquo;administration de plusieurs soci\u00e9t\u00e9s de biotechnologie.<\/p>\n\n<h5 class=\"wp-block-heading\">\u00a0<\/h5>\n<h5>Dr. Jean-Paul Prieels, Ph.D.<\/h5>\n\n<figure><a href=\"hts:\/\/www.curavac.com\/wp-content\/uploads\/2014\/08\/Prieels_JP_2014_200.jpg\"><img decoding=\"async\" src=\"hts:\/\/www.curavac.com\/wp-content\/uploads\/2014\/08\/Prieels_JP_2014_200.jpg\" alt=\"Prieels_JP_2014_200\"\/><\/a><\/figure>\n<p>Dr. Jean-Paul Prieels, Ph.D, served as a Senior Vice President of Research and Development at GlaxoSmithKline Biologicals (now GSK Vaccines) until January 2011. Le Dr Prieels a rejoint GlaxoSmithKline Biologicals en 1987 en tant que directeur associ\u00e9 de l&rsquo;\u00e9valuation des projets de R&amp;D. Ses responsabilit\u00e9s se sont progressivement \u00e9tendues \u00e0 la direction des activit\u00e9s mondiales de d\u00e9veloppement de la R&amp;D sur les vaccins \u00e0 Rixensart, en Belgique. Sa carri\u00e8re s&rsquo;\u00e9tend de la recherche fondamentale au d\u00e9veloppement de processus et de produits. Il a jou\u00e9 un r\u00f4le d\u00e9terminant dans le d\u00e9veloppement de plusieurs vaccins disponibles sur le march\u00e9, tels que le rotavirus, le papillomavirus humain (HPV), les vaccins conjugu\u00e9s contre le pneumocoque et d&rsquo;autres. Il a \u00e9t\u00e9 directeur de la recherche chez GSK Vaccines.<br\/>Il est directeur de Vaximm AG. Depuis 2007, il est membre du conseil consultatif scientifique du Singapore Institute of Bioprocessing Technology. Il est pr\u00e9sident du conseil d&rsquo;administration d&rsquo;Immune Health et a \u00e9galement \u00e9t\u00e9 membre du conseil d&rsquo;administration d&rsquo;Henogen de 2000 \u00e0 2008.<\/p>\n\n<p>.<\/p>\n\n<h5 class=\"wp-block-heading\">Prof. Dr. Marc De Baets, M.D., Ph.D.<\/h5>\n\n<figure><a href=\"hts:\/\/www.curavac.com\/wp-content\/uploads\/2014\/08\/De_Baets_M_2014_200.jpg\"><img decoding=\"async\" src=\"hts:\/\/www.curavac.com\/wp-content\/uploads\/2014\/08\/De_Baets_M_2014_200.jpg\" alt=\"De_Baets_M_2014_200\"\/><\/a><\/figure>\n<p>Le professeur Marc De Baets est exp\u00e9riment\u00e9 dans la prise en charge clinique des patients atteints de MG et dans la recherche dans le domaine de la MG. Il travaille \u00e0 la clinique de neurologie de l&rsquo;h\u00f4pital universitaire de Maastricht o\u00f9 il voit 15 patients MG chaque semaine (600 contacts patients par an). Avec le professeur Maessen, chirurgien thoracique, il coordonne le programme de thymectomie robotique pour les Pays-Bas. Le MUMC a r\u00e9alis\u00e9 plus de 150 thymectomies chez des patients atteints de MG. Son \u00e9quipe a produit des anticorps anti-AChR enti\u00e8rement humains et des variantes non pathog\u00e8nes pour des tests sur des primates non humains. Il a \u00e9galement trait\u00e9 avec succ\u00e8s l&rsquo;EAMG par transfert de g\u00e8ne en utilisant des m\u00e9thodes non virales (\u00e9lectrotransfert in vivo dans le muscle) et a d\u00e9velopp\u00e9 des anticorps concurrents humains recombinants dans des mod\u00e8les animaux de MG.<\/p>\n\n<p>.<\/p>\n\n<h5 class=\"wp-block-heading\">Dr. Bruce Forrest, M.D., MBA<\/h5>\n\n<figure><a href=\"hts:\/\/www.curavac.com\/wp-content\/uploads\/2015\/04\/BruceForrestpic.jpg\"><img decoding=\"async\" src=\"hts:\/\/www.curavac.com\/wp-content\/uploads\/2015\/04\/BruceForrestpic-200x300.jpg\" alt=\"BruceForrestpic\"\/><\/a><\/figure>\n<p>Le Dr Forrest apporte \u00e0 la soci\u00e9t\u00e9 plus de 25 ans de leadership mondial dans le d\u00e9veloppement pharmaceutique, avec une expertise sp\u00e9cialis\u00e9e dans le d\u00e9veloppement de vaccins et de produits biopharmaceutiques sur les march\u00e9s majeurs et \u00e9mergents. Le Dr Forrest poss\u00e8de une exp\u00e9rience et une connaissance approfondies de l&rsquo;environnement du d\u00e9veloppement pharmaceutique en Asie, en particulier au Japon, o\u00f9 il a \u00e9t\u00e9 membre du conseil d&rsquo;administration, directeur d&rsquo;entreprise et responsable de la R&amp;D pour Wyeth K.K. \u00c0 ce titre, il a supervis\u00e9 l&rsquo;enregistrement et l&rsquo;approbation locale de nombreux vaccins et produits th\u00e9rapeutiques, notamment le vaccin antipneumococcique conjugu\u00e9 et la tig\u00e9cycline, et a \u00e9t\u00e9 responsable de l&rsquo;ensemble des activit\u00e9s de d\u00e9veloppement dans toute l&rsquo;Asie de l&rsquo;Est. En tant que premier vice-pr\u00e9sident de Wyeth Pharmaceuticals, le Dr Forrest \u00e9tait responsable de toutes les activit\u00e9s de d\u00e9veloppement et de fabrication de vaccins en phase avanc\u00e9e, y compris le vaccin antigrippal vivant att\u00e9nu\u00e9. Le Dr Forrest est titulaire d&rsquo;une licence et d&rsquo;un doctorat de l&rsquo;\u00e9cole de m\u00e9decine de l&rsquo;universit\u00e9 d&rsquo;Ad\u00e9la\u00efde et d&rsquo;un MBA de l&rsquo;universit\u00e9 de Warwick, au Royaume-Uni.<\/p>\n","protected":false},"excerpt":{"rendered":"<p>Le Conseil consultatif ind\u00e9pendant de CuraVac est compos\u00e9 de cinq sp\u00e9cialistes cl\u00e9s issus de l&rsquo;industrie ou du monde universitaire qui assistent l&rsquo;\u00e9quipe de direction de CuraVac dans ses d\u00e9cisions strat\u00e9giques gr\u00e2ce \u00e0 leur pr\u00e9cieuse contribution. Dr. Didier Hoch, M.D. Didier Hoch est le PDG de BIOVISION, le Forum mondial des sciences de la vie. Il &hellip;<\/p>\n<p class=\"read-more\"> <a class=\"\" href=\"https:\/\/www.curavac.com\/fr\/le-conseil-consultatif-independant\"> <span class=\"screen-reader-text\">Le conseil consultatif ind\u00e9pendant<\/span> Lire la suite\u00a0\u00bb<\/a><\/p>\n","protected":false},"author":1,"featured_media":0,"parent":0,"menu_order":0,"comment_status":"closed","ping_status":"closed","template":"","meta":{"site-sidebar-layout":"default","site-content-layout":"default","ast-main-header-display":"","ast-hfb-above-header-display":"","ast-hfb-below-header-display":"","ast-hfb-mobile-header-display":"","site-post-title":"","ast-breadcrumbs-content":"","ast-featured-img":"","footer-sml-layout":"","theme-transparent-header-meta":"","adv-header-id-meta":"","stick-header-meta":"","header-above-stick-meta":"","header-main-stick-meta":"","header-below-stick-meta":"","footnotes":""},"class_list":["post-3389","page","type-page","status-publish","hentry"],"yoast_head":"<!-- This site is optimized with the Yoast SEO plugin v25.0 - https:\/\/yoast.com\/wordpress\/plugins\/seo\/ -->\n<title>Le conseil consultatif ind\u00e9pendant - CuraVac<\/title>\n<meta name=\"robots\" content=\"index, follow, max-snippet:-1, max-image-preview:large, max-video-preview:-1\" \/>\n<link rel=\"canonical\" href=\"https:\/\/www.curavac.com\/the-independent-advisory-board\" \/>\n<meta property=\"og:locale\" content=\"fr_FR\" \/>\n<meta property=\"og:type\" content=\"article\" \/>\n<meta property=\"og:title\" content=\"Le conseil consultatif ind\u00e9pendant - CuraVac\" \/>\n<meta property=\"og:description\" content=\"Le Conseil consultatif ind\u00e9pendant de CuraVac est compos\u00e9 de cinq sp\u00e9cialistes cl\u00e9s issus de l&rsquo;industrie ou du monde universitaire qui assistent l&rsquo;\u00e9quipe de direction de CuraVac dans ses d\u00e9cisions strat\u00e9giques gr\u00e2ce \u00e0 leur pr\u00e9cieuse contribution. Dr. Didier Hoch, M.D. Didier Hoch est le PDG de BIOVISION, le Forum mondial des sciences de la vie. Il &hellip; Le conseil consultatif ind\u00e9pendant Lire la suite\u00a0\u00bb\" \/>\n<meta property=\"og:url\" content=\"https:\/\/www.curavac.com\/the-independent-advisory-board\" \/>\n<meta property=\"og:site_name\" content=\"CuraVac\" \/>\n<meta property=\"article:modified_time\" content=\"2025-03-18T11:56:43+00:00\" \/>\n<meta property=\"og:image\" content=\"\" \/>\n<meta name=\"twitter:card\" content=\"summary_large_image\" \/>\n<meta name=\"twitter:label1\" content=\"Dur\u00e9e de lecture estim\u00e9e\" \/>\n\t<meta name=\"twitter:data1\" content=\"3 minutes\" \/>\n<script type=\"application\/ld+json\" class=\"yoast-schema-graph\">{\"@context\":\"https:\/\/schema.org\",\"@graph\":[{\"@type\":\"WebPage\",\"@id\":\"https:\/\/www.curavac.com\/the-independent-advisory-board\",\"url\":\"https:\/\/www.curavac.com\/the-independent-advisory-board\",\"name\":\"Le conseil consultatif ind\u00e9pendant - CuraVac\",\"isPartOf\":{\"@id\":\"https:\/\/www.curavac.com\/#website\"},\"primaryImageOfPage\":{\"@id\":\"https:\/\/www.curavac.com\/the-independent-advisory-board#primaryimage\"},\"image\":{\"@id\":\"https:\/\/www.curavac.com\/the-independent-advisory-board#primaryimage\"},\"thumbnailUrl\":\"hts:\/\/www.curavac.com\/wp-content\/uploads\/2014\/08\/Hoch_D_2014_200-199x300.jpg\",\"datePublished\":\"2021-11-18T11:05:58+00:00\",\"dateModified\":\"2025-03-18T11:56:43+00:00\",\"breadcrumb\":{\"@id\":\"https:\/\/www.curavac.com\/the-independent-advisory-board#breadcrumb\"},\"inLanguage\":\"fr-FR\",\"potentialAction\":[{\"@type\":\"ReadAction\",\"target\":[\"https:\/\/www.curavac.com\/the-independent-advisory-board\"]}]},{\"@type\":\"ImageObject\",\"inLanguage\":\"fr-FR\",\"@id\":\"https:\/\/www.curavac.com\/the-independent-advisory-board#primaryimage\",\"url\":\"hts:\/\/www.curavac.com\/wp-content\/uploads\/2014\/08\/Hoch_D_2014_200-199x300.jpg\",\"contentUrl\":\"hts:\/\/www.curavac.com\/wp-content\/uploads\/2014\/08\/Hoch_D_2014_200-199x300.jpg\"},{\"@type\":\"BreadcrumbList\",\"@id\":\"https:\/\/www.curavac.com\/the-independent-advisory-board#breadcrumb\",\"itemListElement\":[{\"@type\":\"ListItem\",\"position\":1,\"name\":\"Home\",\"item\":\"https:\/\/www.curavac.com\/fr\"},{\"@type\":\"ListItem\",\"position\":2,\"name\":\"Le conseil consultatif ind\u00e9pendant\"}]},{\"@type\":\"WebSite\",\"@id\":\"https:\/\/www.curavac.com\/#website\",\"url\":\"https:\/\/www.curavac.com\/\",\"name\":\"CuraVac\",\"description\":\"Targeted Active Therapy for Autoimmune Diseases\",\"publisher\":{\"@id\":\"https:\/\/www.curavac.com\/#organization\"},\"potentialAction\":[{\"@type\":\"SearchAction\",\"target\":{\"@type\":\"EntryPoint\",\"urlTemplate\":\"https:\/\/www.curavac.com\/?s={search_term_string}\"},\"query-input\":{\"@type\":\"PropertyValueSpecification\",\"valueRequired\":true,\"valueName\":\"search_term_string\"}}],\"inLanguage\":\"fr-FR\"},{\"@type\":\"Organization\",\"@id\":\"https:\/\/www.curavac.com\/#organization\",\"name\":\"CuraVac\",\"url\":\"https:\/\/www.curavac.com\/\",\"logo\":{\"@type\":\"ImageObject\",\"inLanguage\":\"fr-FR\",\"@id\":\"https:\/\/www.curavac.com\/#\/schema\/logo\/image\/\",\"url\":\"https:\/\/www.curavac.com\/wp-content\/uploads\/2025\/04\/cropped-cropped-Taransparant-4.png\",\"contentUrl\":\"https:\/\/www.curavac.com\/wp-content\/uploads\/2025\/04\/cropped-cropped-Taransparant-4.png\",\"width\":1215,\"height\":331,\"caption\":\"CuraVac\"},\"image\":{\"@id\":\"https:\/\/www.curavac.com\/#\/schema\/logo\/image\/\"}}]}<\/script>\n<!-- \/ Yoast SEO plugin. -->","yoast_head_json":{"title":"Le conseil consultatif ind\u00e9pendant - CuraVac","robots":{"index":"index","follow":"follow","max-snippet":"max-snippet:-1","max-image-preview":"max-image-preview:large","max-video-preview":"max-video-preview:-1"},"canonical":"https:\/\/www.curavac.com\/the-independent-advisory-board","og_locale":"fr_FR","og_type":"article","og_title":"Le conseil consultatif ind\u00e9pendant - CuraVac","og_description":"Le Conseil consultatif ind\u00e9pendant de CuraVac est compos\u00e9 de cinq sp\u00e9cialistes cl\u00e9s issus de l&rsquo;industrie ou du monde universitaire qui assistent l&rsquo;\u00e9quipe de direction de CuraVac dans ses d\u00e9cisions strat\u00e9giques gr\u00e2ce \u00e0 leur pr\u00e9cieuse contribution. Dr. Didier Hoch, M.D. Didier Hoch est le PDG de BIOVISION, le Forum mondial des sciences de la vie. Il &hellip; Le conseil consultatif ind\u00e9pendant Lire la suite\u00a0\u00bb","og_url":"https:\/\/www.curavac.com\/the-independent-advisory-board","og_site_name":"CuraVac","article_modified_time":"2025-03-18T11:56:43+00:00","og_image":[{"url":"hts:\/\/www.curavac.com\/wp-content\/uploads\/2014\/08\/Hoch_D_2014_200-199x300.jpg","type":"","width":"","height":""}],"twitter_card":"summary_large_image","twitter_misc":{"Dur\u00e9e de lecture estim\u00e9e":"3 minutes"},"schema":{"@context":"https:\/\/schema.org","@graph":[{"@type":"WebPage","@id":"https:\/\/www.curavac.com\/the-independent-advisory-board","url":"https:\/\/www.curavac.com\/the-independent-advisory-board","name":"Le conseil consultatif ind\u00e9pendant - CuraVac","isPartOf":{"@id":"https:\/\/www.curavac.com\/#website"},"primaryImageOfPage":{"@id":"https:\/\/www.curavac.com\/the-independent-advisory-board#primaryimage"},"image":{"@id":"https:\/\/www.curavac.com\/the-independent-advisory-board#primaryimage"},"thumbnailUrl":"hts:\/\/www.curavac.com\/wp-content\/uploads\/2014\/08\/Hoch_D_2014_200-199x300.jpg","datePublished":"2021-11-18T11:05:58+00:00","dateModified":"2025-03-18T11:56:43+00:00","breadcrumb":{"@id":"https:\/\/www.curavac.com\/the-independent-advisory-board#breadcrumb"},"inLanguage":"fr-FR","potentialAction":[{"@type":"ReadAction","target":["https:\/\/www.curavac.com\/the-independent-advisory-board"]}]},{"@type":"ImageObject","inLanguage":"fr-FR","@id":"https:\/\/www.curavac.com\/the-independent-advisory-board#primaryimage","url":"hts:\/\/www.curavac.com\/wp-content\/uploads\/2014\/08\/Hoch_D_2014_200-199x300.jpg","contentUrl":"hts:\/\/www.curavac.com\/wp-content\/uploads\/2014\/08\/Hoch_D_2014_200-199x300.jpg"},{"@type":"BreadcrumbList","@id":"https:\/\/www.curavac.com\/the-independent-advisory-board#breadcrumb","itemListElement":[{"@type":"ListItem","position":1,"name":"Home","item":"https:\/\/www.curavac.com\/fr"},{"@type":"ListItem","position":2,"name":"Le conseil consultatif ind\u00e9pendant"}]},{"@type":"WebSite","@id":"https:\/\/www.curavac.com\/#website","url":"https:\/\/www.curavac.com\/","name":"CuraVac","description":"Targeted Active Therapy for Autoimmune Diseases","publisher":{"@id":"https:\/\/www.curavac.com\/#organization"},"potentialAction":[{"@type":"SearchAction","target":{"@type":"EntryPoint","urlTemplate":"https:\/\/www.curavac.com\/?s={search_term_string}"},"query-input":{"@type":"PropertyValueSpecification","valueRequired":true,"valueName":"search_term_string"}}],"inLanguage":"fr-FR"},{"@type":"Organization","@id":"https:\/\/www.curavac.com\/#organization","name":"CuraVac","url":"https:\/\/www.curavac.com\/","logo":{"@type":"ImageObject","inLanguage":"fr-FR","@id":"https:\/\/www.curavac.com\/#\/schema\/logo\/image\/","url":"https:\/\/www.curavac.com\/wp-content\/uploads\/2025\/04\/cropped-cropped-Taransparant-4.png","contentUrl":"https:\/\/www.curavac.com\/wp-content\/uploads\/2025\/04\/cropped-cropped-Taransparant-4.png","width":1215,"height":331,"caption":"CuraVac"},"image":{"@id":"https:\/\/www.curavac.com\/#\/schema\/logo\/image\/"}}]}},"_links":{"self":[{"href":"https:\/\/www.curavac.com\/fr\/wp-json\/wp\/v2\/pages\/3389","targetHints":{"allow":["GET"]}}],"collection":[{"href":"https:\/\/www.curavac.com\/fr\/wp-json\/wp\/v2\/pages"}],"about":[{"href":"https:\/\/www.curavac.com\/fr\/wp-json\/wp\/v2\/types\/page"}],"author":[{"embeddable":true,"href":"https:\/\/www.curavac.com\/fr\/wp-json\/wp\/v2\/users\/1"}],"replies":[{"embeddable":true,"href":"https:\/\/www.curavac.com\/fr\/wp-json\/wp\/v2\/comments?post=3389"}],"version-history":[{"count":7,"href":"https:\/\/www.curavac.com\/fr\/wp-json\/wp\/v2\/pages\/3389\/revisions"}],"predecessor-version":[{"id":4575,"href":"https:\/\/www.curavac.com\/fr\/wp-json\/wp\/v2\/pages\/3389\/revisions\/4575"}],"wp:attachment":[{"href":"https:\/\/www.curavac.com\/fr\/wp-json\/wp\/v2\/media?parent=3389"}],"curies":[{"name":"wp","href":"https:\/\/api.w.org\/{rel}","templated":true}]}}