{"id":3320,"date":"2021-11-25T15:50:31","date_gmt":"2021-11-25T14:50:31","guid":{"rendered":"https:\/\/www.curavac.com\/notre-histoire"},"modified":"2023-09-19T15:18:02","modified_gmt":"2023-09-19T13:18:02","slug":"notre-histoire","status":"publish","type":"page","link":"https:\/\/www.curavac.com\/fr\/notre-histoire","title":{"rendered":"Notre histoire"},"content":{"rendered":"\t\t<div data-elementor-type=\"wp-page\" data-elementor-id=\"3320\" class=\"elementor elementor-3320 elementor-1140\">\n\t\t\t\t\t\t\t\t\t<section class=\"has_ma_el_bg_slider elementor-section elementor-top-section elementor-element elementor-element-fcc14f8 elementor-section-boxed elementor-section-height-default elementor-section-height-default jltma-glass-effect-no\" data-id=\"fcc14f8\" data-element_type=\"section\">\n\t\t\t\t\t\t<div class=\"elementor-container elementor-column-gap-default\">\n\t\t\t\t\t<div class=\"has_ma_el_bg_slider elementor-column elementor-col-100 elementor-top-column elementor-element elementor-element-3f784a0 jltma-glass-effect-no\" data-id=\"3f784a0\" data-element_type=\"column\">\n\t\t\t<div class=\"elementor-widget-wrap elementor-element-populated\">\n\t\t\t\t\t\t\t\t<section class=\"has_ma_el_bg_slider elementor-section elementor-inner-section elementor-element elementor-element-a851d03 elementor-section-boxed elementor-section-height-default elementor-section-height-default jltma-glass-effect-no\" data-id=\"a851d03\" data-element_type=\"section\">\n\t\t\t\t\t\t<div class=\"elementor-container elementor-column-gap-wider\">\n\t\t\t\t\t<div class=\"has_ma_el_bg_slider elementor-column elementor-col-50 elementor-inner-column elementor-element elementor-element-0e20e60 jltma-glass-effect-no\" data-id=\"0e20e60\" data-element_type=\"column\">\n\t\t\t<div class=\"elementor-widget-wrap elementor-element-populated\">\n\t\t\t\t\t\t\t\t<div class=\"elementor-element elementor-element-516781e jltma-glass-effect-no elementor-widget elementor-widget-heading\" data-id=\"516781e\" data-element_type=\"widget\" data-widget_type=\"heading.default\">\n\t\t\t\t<div class=\"elementor-widget-container\">\n\t\t\t<style>\/*! elementor - v3.6.8 - 27-07-2022 *\/\n.elementor-heading-title{padding:0;margin:0;line-height:1}.elementor-widget-heading .elementor-heading-title[class*=elementor-size-]>a{color:inherit;font-size:inherit;line-height:inherit}.elementor-widget-heading .elementor-heading-title.elementor-size-small{font-size:15px}.elementor-widget-heading .elementor-heading-title.elementor-size-medium{font-size:19px}.elementor-widget-heading .elementor-heading-title.elementor-size-large{font-size:29px}.elementor-widget-heading .elementor-heading-title.elementor-size-xl{font-size:39px}.elementor-widget-heading .elementor-heading-title.elementor-size-xxl{font-size:59px}<\/style><h2 class=\"elementor-heading-title elementor-size-default\">Notre histoire<\/h2>\t\t<\/div>\n\t\t\t\t<\/div>\n\t\t\t\t<div class=\"elementor-element elementor-element-74bd145 jltma-glass-effect-no elementor-widget elementor-widget-text-editor\" data-id=\"74bd145\" data-element_type=\"widget\" data-widget_type=\"text-editor.default\">\n\t\t\t\t<div class=\"elementor-widget-container\">\n\t\t\t<style>\/*! elementor - v3.6.8 - 27-07-2022 *\/\n.elementor-widget-text-editor.elementor-drop-cap-view-stacked .elementor-drop-cap{background-color:#818a91;color:#fff}.elementor-widget-text-editor.elementor-drop-cap-view-framed .elementor-drop-cap{color:#818a91;border:3px solid;background-color:transparent}.elementor-widget-text-editor:not(.elementor-drop-cap-view-default) .elementor-drop-cap{margin-top:8px}.elementor-widget-text-editor:not(.elementor-drop-cap-view-default) .elementor-drop-cap-letter{width:1em;height:1em}.elementor-widget-text-editor .elementor-drop-cap{float:left;text-align:center;line-height:1;font-size:50px}.elementor-widget-text-editor .elementor-drop-cap-letter{display:inline-block}<\/style>\t\t\t\t<p>CuraVac a \u00e9t\u00e9 fond\u00e9e en 2002 par le Dr St\u00e9phane Huberty, un m\u00e9decin belge souffrant de <a href=\"https:\/\/www.curavac.com\/fr\/myasthenie-grave\" target=\"_blank\" rel=\"noopener\"><span style=\"color: #053d83;\">la Myasth\u00e9nie Grave<\/span><\/a> (MG). Peu apr\u00e8s, la soci\u00e9t\u00e9 a acquis le brevet du peptide compl\u00e9mentaire, lev\u00e9 des fonds et s&rsquo;est organis\u00e9e comme une soci\u00e9t\u00e9 de gestion au centre d&rsquo;un r\u00e9seau de partenariats et de sous-traitants. Le premier d\u00e9couvreur de la technique de production du vaccin, le professeur J. Edwin Blalock, a \u00e9galement rejoint CuraVac en tant que consultant. <\/p>\n\t\t\t\t\t\t<\/div>\n\t\t\t\t<\/div>\n\t\t\t\t<div class=\"elementor-element elementor-element-c1664b3 jltma-glass-effect-no elementor-widget elementor-widget-text-editor\" data-id=\"c1664b3\" data-element_type=\"widget\" data-widget_type=\"text-editor.default\">\n\t\t\t\t<div class=\"elementor-widget-container\">\n\t\t\t\t\t\t\t<ul>\n<li>En <strong>2002<\/strong>, la soci\u00e9t\u00e9 a \u00e9t\u00e9 fond\u00e9e et a acquis le brevet du peptide compl\u00e9mentaire. La soci\u00e9t\u00e9 a lev\u00e9 des fonds et s&rsquo;est organis\u00e9e comme une soci\u00e9t\u00e9 de gestion au centre d&rsquo;un r\u00e9seau d&rsquo;expertise et de comp\u00e9tence de collaborations et de sous-traitants.<\/li>\n<\/ul>\n\t\t\t\t\t\t<\/div>\n\t\t\t\t<\/div>\n\t\t\t\t<div class=\"elementor-element elementor-element-ce0a14b jltma-glass-effect-no elementor-widget elementor-widget-text-editor\" data-id=\"ce0a14b\" data-element_type=\"widget\" data-widget_type=\"text-editor.default\">\n\t\t\t\t<div class=\"elementor-widget-container\">\n\t\t\t\t\t\t\t<ul>\n<li>En <strong>2006<\/strong>, <a href=\"https:\/\/www.sciencedirect.com\/science\/article\/abs\/pii\/S0889159106003369?via%3Dihub\" target=\"_blank\" rel=\"noopener\"><span style=\"color: #0274be;\">l&rsquo;article cl\u00e9<\/span><\/a> d\u00e9montrant que le vaccin contre la MG fonctionne non seulement en laboratoire sur des mod\u00e8les de rats, mais aussi dans la myasth\u00e9nie naturelle chez des chiens de compagnie, est publi\u00e9, et le brevet pour le vaccin contre la MG est d\u00e9pos\u00e9.<\/li>\n<\/ul>\n\t\t\t\t\t\t<\/div>\n\t\t\t\t<\/div>\n\t\t\t\t<div class=\"elementor-element elementor-element-64f28ed jltma-glass-effect-no elementor-widget elementor-widget-text-editor\" data-id=\"64f28ed\" data-element_type=\"widget\" data-widget_type=\"text-editor.default\">\n\t\t\t\t<div class=\"elementor-widget-container\">\n\t\t\t\t\t\t\t<ul>\n<li>\n<p><span data-contrast=\"auto\">En <strong>2007<\/strong>, <a href=\"http:\/\/www.curavac.com\/team\/\">Nicolas Havelange<\/a> a rejoint CuraVac et, avec le Dr Huberty, il a sorti cette technique de production de vaccin du laboratoire pour l&rsquo;appliquer aux patients.<\/span><span data-ccp-props=\"{\"> <\/span><\/p>\n<\/li>\n<\/ul>\n\t\t\t\t\t\t<\/div>\n\t\t\t\t<\/div>\n\t\t\t\t<div class=\"elementor-element elementor-element-48945dc jltma-glass-effect-no elementor-widget elementor-widget-text-editor\" data-id=\"48945dc\" data-element_type=\"widget\" data-widget_type=\"text-editor.default\">\n\t\t\t\t<div class=\"elementor-widget-container\">\n\t\t\t\t\t\t\t<ul>\n<li>En <strong>2009<\/strong>, la formulation humaine du vaccin contre la MG est fabriqu\u00e9e conform\u00e9ment aux directives BPL et BPF.<br \/>Le vaccin th\u00e9rapeutique contre la myasth\u00e9nie grave, notre premier vaccin, a re\u00e7u <span style=\"text-decoration: underline;\"><a href=\"https:\/\/www.ema.europa.eu\/en\/documents\/orphan-designation\/eu\/3\/09\/689-public-summary-positive-opinion-orphan-designation-peptides-mimicking-antigen-receptors_en.pdf\" target=\"_blank\" rel=\"noopener\"><span style=\"color: #0274be; text-decoration: underline;\">la d\u00e9signation de m\u00e9dicament orphelin en Europe<\/span><\/a><\/span> par une \u00e9quipe d&rsquo;experts ind\u00e9pendants issus des 27 \u00c9tats membres de l&rsquo;Union europ\u00e9enne.<\/li>\n<\/ul>\n\t\t\t\t\t\t<\/div>\n\t\t\t\t<\/div>\n\t\t\t\t<div class=\"elementor-element elementor-element-312d463 jltma-glass-effect-no elementor-widget elementor-widget-text-editor\" data-id=\"312d463\" data-element_type=\"widget\" data-widget_type=\"text-editor.default\">\n\t\t\t\t<div class=\"elementor-widget-container\">\n\t\t\t\t\t\t\t<ul>\n<li>En <strong>2011<\/strong>, la FDA a accord\u00e9 au vaccin th\u00e9rapeutique MG <span style=\"text-decoration: underline;\"><a href=\"https:\/\/www.accessdata.fda.gov\/scripts\/opdlisting\/oopd\/detailedIndex.cfm?cfgridkey=332610\" target=\"_blank\" rel=\"noopener\"><span style=\"color: #0274be; text-decoration: underline;\">la d\u00e9signation de m\u00e9dicament orphelin aux \u00c9tats-Unis.<\/span><\/a><\/span><\/li>\n<\/ul>\n\t\t\t\t\t\t<\/div>\n\t\t\t\t<\/div>\n\t\t\t\t<div class=\"elementor-element elementor-element-bec9d58 jltma-glass-effect-no elementor-widget elementor-widget-text-editor\" data-id=\"bec9d58\" data-element_type=\"widget\" data-widget_type=\"text-editor.default\">\n\t\t\t\t<div class=\"elementor-widget-container\">\n\t\t\t\t\t\t\t<ul>\n<li>\n<p>En <strong>2013<\/strong>, \u00e0 la suite d&rsquo;un appel \u00e0 propositions auquel tous les meilleurs projets m\u00e9dicaux du monde ont r\u00e9pondu, le projet de vaccin th\u00e9rapeutique contre la MG de CuraVac a \u00e9t\u00e9 l&rsquo;un des 7 projets de vaccins th\u00e9rapeutiques s\u00e9lectionn\u00e9s par un comit\u00e9 de jury ind\u00e9pendant compos\u00e9 des meilleurs experts du monde.<\/p>\n<p><span data-contrast=\"auto\">CuraVac a ensuite cr\u00e9\u00e9 un consortium europ\u00e9en compos\u00e9 de quatre entreprises et d&rsquo;un centre m\u00e9dical universitaire qui a re\u00e7u le soutien du programme FP7 2013 Innovation in Health pour mener des essais cliniques sur le vaccin th\u00e9rapeutique contre la MG, <a href=\"http:\/\/www.curavac.com\/myasterix\/\">MYASTERIX.<\/a><\/span><span data-ccp-props=\"{\"> <\/span><\/p>\n<\/li>\n<\/ul>\n\t\t\t\t\t\t<\/div>\n\t\t\t\t<\/div>\n\t\t\t\t<div class=\"elementor-element elementor-element-a5553db jltma-glass-effect-no elementor-widget elementor-widget-text-editor\" data-id=\"a5553db\" data-element_type=\"widget\" data-widget_type=\"text-editor.default\">\n\t\t\t\t<div class=\"elementor-widget-container\">\n\t\t\t\t\t\t\t<p>Suite \u00e0 une autorisation d&rsquo;essai clinique re\u00e7ue en novembre <strong>2015<\/strong>, 24 patients ont re\u00e7u trois injections du vaccin th\u00e9rapeutique MG dans le cadre d&rsquo;un <span style=\"text-decoration: underline;\"><a href=\"https:\/\/clinicaltrials.gov\/ct2\/show\/NCT02609022\" target=\"_blank\" rel=\"noopener\"><span style=\"color: #0274be; text-decoration: underline;\">essai clinique de phase 1B<\/span><\/a><\/span>qui s&rsquo;est d\u00e9roul\u00e9 \u00e0 l&rsquo;h\u00f4pital universitaire d&rsquo;Anvers (UZA) en Belgique. Les r\u00e9sultats pr\u00e9liminaires ont \u00e9t\u00e9 communiqu\u00e9s en mai 2017 lors de la 13e conf\u00e9rence internationale sur la Myasth\u00e9nie Grave et les troubles connexes \u00e0 l&rsquo;Acad\u00e9mie des sciences de New York.<\/p>\n\t\t\t\t\t\t<\/div>\n\t\t\t\t<\/div>\n\t\t\t\t<div class=\"elementor-element elementor-element-0228451 jltma-glass-effect-no elementor-widget elementor-widget-text-editor\" data-id=\"0228451\" data-element_type=\"widget\" data-widget_type=\"text-editor.default\">\n\t\t\t\t<div class=\"elementor-widget-container\">\n\t\t\t\t\t\t\t<p><span data-contrast=\"auto\">Les <span style=\"text-decoration: underline;\"><a href=\"https:\/\/www.curavac.com\/wp-content\/uploads\/2021\/11\/Communication_CV-0002_Results_EN.pdf\" target=\"_blank\" rel=\"noopener\"><span style=\"color: #0274be; text-decoration: underline;\">r\u00e9sultats finaux de la phase 1B<\/span><\/a><\/span>, rapport\u00e9s en juin <strong>2018<\/strong>, ont d\u00e9montr\u00e9 un excellent profil de s\u00e9curit\u00e9 et ont appel\u00e9 \u00e0 un essai clinique d&rsquo;efficacit\u00e9 de phase 2<\/span>avec une formulation plus puissante du vaccin th\u00e9rapeutique contre la MG : CV-MG02.<\/p>\n\t\t\t\t\t\t<\/div>\n\t\t\t\t<\/div>\n\t\t\t\t\t<\/div>\n\t\t<\/div>\n\t\t\t\t<div class=\"has_ma_el_bg_slider elementor-column elementor-col-50 elementor-inner-column elementor-element elementor-element-d4465cd jltma-glass-effect-no\" data-id=\"d4465cd\" data-element_type=\"column\">\n\t\t\t<div class=\"elementor-widget-wrap\">\n\t\t\t\t\t\t\t\t\t<\/div>\n\t\t<\/div>\n\t\t\t\t\t\t\t<\/div>\n\t\t<\/section>\n\t\t\t\t\t<\/div>\n\t\t<\/div>\n\t\t\t\t\t\t\t<\/div>\n\t\t<\/section>\n\t\t\t\t\t\t\t<\/div>\n\t\t","protected":false},"excerpt":{"rendered":"<p>Notre histoire CuraVac a \u00e9t\u00e9 fond\u00e9e en 2002 par le Dr St\u00e9phane Huberty, un m\u00e9decin belge souffrant de la Myasth\u00e9nie Grave (MG). Peu apr\u00e8s, la soci\u00e9t\u00e9 a acquis le brevet du peptide compl\u00e9mentaire, lev\u00e9 des fonds et s&rsquo;est organis\u00e9e comme une soci\u00e9t\u00e9 de gestion au centre d&rsquo;un r\u00e9seau de partenariats et de sous-traitants. Le premier &hellip;<\/p>\n<p class=\"read-more\"> <a class=\"\" href=\"https:\/\/www.curavac.com\/fr\/notre-histoire\"> <span class=\"screen-reader-text\">Notre histoire<\/span> Lire la suite\u00a0\u00bb<\/a><\/p>\n","protected":false},"author":1,"featured_media":0,"parent":0,"menu_order":0,"comment_status":"closed","ping_status":"closed","template":"","meta":{"site-sidebar-layout":"no-sidebar","site-content-layout":"page-builder","ast-main-header-display":"","ast-hfb-above-header-display":"","ast-hfb-below-header-display":"","ast-hfb-mobile-header-display":"","site-post-title":"disabled","ast-breadcrumbs-content":"","ast-featured-img":"disabled","footer-sml-layout":"","theme-transparent-header-meta":"","adv-header-id-meta":"","stick-header-meta":"","header-above-stick-meta":"","header-main-stick-meta":"","header-below-stick-meta":"","footnotes":""},"class_list":["post-3320","page","type-page","status-publish","hentry"],"yoast_head":"<!-- This site is optimized with the Yoast SEO plugin v25.0 - https:\/\/yoast.com\/wordpress\/plugins\/seo\/ -->\n<title>Notre histoire - CuraVac<\/title>\n<meta name=\"robots\" content=\"index, follow, max-snippet:-1, max-image-preview:large, max-video-preview:-1\" \/>\n<link rel=\"canonical\" href=\"https:\/\/www.curavac.com\/our-story\" \/>\n<meta property=\"og:locale\" content=\"fr_FR\" \/>\n<meta property=\"og:type\" content=\"article\" \/>\n<meta property=\"og:title\" content=\"Notre histoire - CuraVac\" \/>\n<meta property=\"og:description\" content=\"Notre histoire CuraVac a \u00e9t\u00e9 fond\u00e9e en 2002 par le Dr St\u00e9phane Huberty, un m\u00e9decin belge souffrant de la Myasth\u00e9nie Grave (MG). Peu apr\u00e8s, la soci\u00e9t\u00e9 a acquis le brevet du peptide compl\u00e9mentaire, lev\u00e9 des fonds et s&rsquo;est organis\u00e9e comme une soci\u00e9t\u00e9 de gestion au centre d&rsquo;un r\u00e9seau de partenariats et de sous-traitants. Le premier &hellip; Notre histoire Lire la suite\u00a0\u00bb\" \/>\n<meta property=\"og:url\" content=\"https:\/\/www.curavac.com\/our-story\" \/>\n<meta property=\"og:site_name\" content=\"CuraVac\" \/>\n<meta property=\"article:modified_time\" content=\"2023-09-19T13:18:02+00:00\" \/>\n<meta name=\"twitter:card\" content=\"summary_large_image\" \/>\n<meta name=\"twitter:label1\" content=\"Dur\u00e9e de lecture estim\u00e9e\" \/>\n\t<meta name=\"twitter:data1\" content=\"2 minutes\" \/>\n<script type=\"application\/ld+json\" class=\"yoast-schema-graph\">{\"@context\":\"https:\/\/schema.org\",\"@graph\":[{\"@type\":\"WebPage\",\"@id\":\"https:\/\/www.curavac.com\/our-story\",\"url\":\"https:\/\/www.curavac.com\/our-story\",\"name\":\"Notre histoire - CuraVac\",\"isPartOf\":{\"@id\":\"https:\/\/www.curavac.com\/#website\"},\"datePublished\":\"2021-11-25T14:50:31+00:00\",\"dateModified\":\"2023-09-19T13:18:02+00:00\",\"breadcrumb\":{\"@id\":\"https:\/\/www.curavac.com\/our-story#breadcrumb\"},\"inLanguage\":\"fr-FR\",\"potentialAction\":[{\"@type\":\"ReadAction\",\"target\":[\"https:\/\/www.curavac.com\/our-story\"]}]},{\"@type\":\"BreadcrumbList\",\"@id\":\"https:\/\/www.curavac.com\/our-story#breadcrumb\",\"itemListElement\":[{\"@type\":\"ListItem\",\"position\":1,\"name\":\"Home\",\"item\":\"https:\/\/www.curavac.com\/fr\"},{\"@type\":\"ListItem\",\"position\":2,\"name\":\"Notre histoire\"}]},{\"@type\":\"WebSite\",\"@id\":\"https:\/\/www.curavac.com\/#website\",\"url\":\"https:\/\/www.curavac.com\/\",\"name\":\"CuraVac\",\"description\":\"Targeted Active Therapy for Autoimmune Diseases\",\"publisher\":{\"@id\":\"https:\/\/www.curavac.com\/#organization\"},\"potentialAction\":[{\"@type\":\"SearchAction\",\"target\":{\"@type\":\"EntryPoint\",\"urlTemplate\":\"https:\/\/www.curavac.com\/?s={search_term_string}\"},\"query-input\":{\"@type\":\"PropertyValueSpecification\",\"valueRequired\":true,\"valueName\":\"search_term_string\"}}],\"inLanguage\":\"fr-FR\"},{\"@type\":\"Organization\",\"@id\":\"https:\/\/www.curavac.com\/#organization\",\"name\":\"CuraVac\",\"url\":\"https:\/\/www.curavac.com\/\",\"logo\":{\"@type\":\"ImageObject\",\"inLanguage\":\"fr-FR\",\"@id\":\"https:\/\/www.curavac.com\/#\/schema\/logo\/image\/\",\"url\":\"https:\/\/www.curavac.com\/wp-content\/uploads\/2025\/04\/cropped-cropped-Taransparant-4.png\",\"contentUrl\":\"https:\/\/www.curavac.com\/wp-content\/uploads\/2025\/04\/cropped-cropped-Taransparant-4.png\",\"width\":1215,\"height\":331,\"caption\":\"CuraVac\"},\"image\":{\"@id\":\"https:\/\/www.curavac.com\/#\/schema\/logo\/image\/\"}}]}<\/script>\n<!-- \/ Yoast SEO plugin. -->","yoast_head_json":{"title":"Notre histoire - CuraVac","robots":{"index":"index","follow":"follow","max-snippet":"max-snippet:-1","max-image-preview":"max-image-preview:large","max-video-preview":"max-video-preview:-1"},"canonical":"https:\/\/www.curavac.com\/our-story","og_locale":"fr_FR","og_type":"article","og_title":"Notre histoire - CuraVac","og_description":"Notre histoire CuraVac a \u00e9t\u00e9 fond\u00e9e en 2002 par le Dr St\u00e9phane Huberty, un m\u00e9decin belge souffrant de la Myasth\u00e9nie Grave (MG). Peu apr\u00e8s, la soci\u00e9t\u00e9 a acquis le brevet du peptide compl\u00e9mentaire, lev\u00e9 des fonds et s&rsquo;est organis\u00e9e comme une soci\u00e9t\u00e9 de gestion au centre d&rsquo;un r\u00e9seau de partenariats et de sous-traitants. Le premier &hellip; Notre histoire Lire la suite\u00a0\u00bb","og_url":"https:\/\/www.curavac.com\/our-story","og_site_name":"CuraVac","article_modified_time":"2023-09-19T13:18:02+00:00","twitter_card":"summary_large_image","twitter_misc":{"Dur\u00e9e de lecture estim\u00e9e":"2 minutes"},"schema":{"@context":"https:\/\/schema.org","@graph":[{"@type":"WebPage","@id":"https:\/\/www.curavac.com\/our-story","url":"https:\/\/www.curavac.com\/our-story","name":"Notre histoire - CuraVac","isPartOf":{"@id":"https:\/\/www.curavac.com\/#website"},"datePublished":"2021-11-25T14:50:31+00:00","dateModified":"2023-09-19T13:18:02+00:00","breadcrumb":{"@id":"https:\/\/www.curavac.com\/our-story#breadcrumb"},"inLanguage":"fr-FR","potentialAction":[{"@type":"ReadAction","target":["https:\/\/www.curavac.com\/our-story"]}]},{"@type":"BreadcrumbList","@id":"https:\/\/www.curavac.com\/our-story#breadcrumb","itemListElement":[{"@type":"ListItem","position":1,"name":"Home","item":"https:\/\/www.curavac.com\/fr"},{"@type":"ListItem","position":2,"name":"Notre histoire"}]},{"@type":"WebSite","@id":"https:\/\/www.curavac.com\/#website","url":"https:\/\/www.curavac.com\/","name":"CuraVac","description":"Targeted Active Therapy for Autoimmune Diseases","publisher":{"@id":"https:\/\/www.curavac.com\/#organization"},"potentialAction":[{"@type":"SearchAction","target":{"@type":"EntryPoint","urlTemplate":"https:\/\/www.curavac.com\/?s={search_term_string}"},"query-input":{"@type":"PropertyValueSpecification","valueRequired":true,"valueName":"search_term_string"}}],"inLanguage":"fr-FR"},{"@type":"Organization","@id":"https:\/\/www.curavac.com\/#organization","name":"CuraVac","url":"https:\/\/www.curavac.com\/","logo":{"@type":"ImageObject","inLanguage":"fr-FR","@id":"https:\/\/www.curavac.com\/#\/schema\/logo\/image\/","url":"https:\/\/www.curavac.com\/wp-content\/uploads\/2025\/04\/cropped-cropped-Taransparant-4.png","contentUrl":"https:\/\/www.curavac.com\/wp-content\/uploads\/2025\/04\/cropped-cropped-Taransparant-4.png","width":1215,"height":331,"caption":"CuraVac"},"image":{"@id":"https:\/\/www.curavac.com\/#\/schema\/logo\/image\/"}}]}},"_links":{"self":[{"href":"https:\/\/www.curavac.com\/fr\/wp-json\/wp\/v2\/pages\/3320","targetHints":{"allow":["GET"]}}],"collection":[{"href":"https:\/\/www.curavac.com\/fr\/wp-json\/wp\/v2\/pages"}],"about":[{"href":"https:\/\/www.curavac.com\/fr\/wp-json\/wp\/v2\/types\/page"}],"author":[{"embeddable":true,"href":"https:\/\/www.curavac.com\/fr\/wp-json\/wp\/v2\/users\/1"}],"replies":[{"embeddable":true,"href":"https:\/\/www.curavac.com\/fr\/wp-json\/wp\/v2\/comments?post=3320"}],"version-history":[{"count":1,"href":"https:\/\/www.curavac.com\/fr\/wp-json\/wp\/v2\/pages\/3320\/revisions"}],"predecessor-version":[{"id":3321,"href":"https:\/\/www.curavac.com\/fr\/wp-json\/wp\/v2\/pages\/3320\/revisions\/3321"}],"wp:attachment":[{"href":"https:\/\/www.curavac.com\/fr\/wp-json\/wp\/v2\/media?parent=3320"}],"curies":[{"name":"wp","href":"https:\/\/api.w.org\/{rel}","templated":true}]}}