{"id":3309,"date":"2021-11-24T10:27:38","date_gmt":"2021-11-24T09:27:38","guid":{"rendered":"https:\/\/www.curavac.com\/le-don-a-echoue-2"},"modified":"2025-03-17T19:14:11","modified_gmt":"2025-03-17T18:14:11","slug":"le-don-a-echoue-2","status":"publish","type":"page","link":"https:\/\/www.curavac.com\/fr\/le-don-a-echoue-2","title":{"rendered":"Le don a \u00e9chou\u00e9"},"content":{"rendered":"<p>Nous sommes d\u00e9sol\u00e9s, mais votre transaction a \u00e9chou\u00e9. Veuillez essayer \u00e0 nouveau ou contacter l\u2019assistance du site.<\/p>\n","protected":false},"excerpt":{"rendered":"<p>Nous sommes d\u00e9sol\u00e9s, mais votre transaction a \u00e9chou\u00e9. Veuillez essayer \u00e0 nouveau ou contacter l\u2019assistance du site.<\/p>\n","protected":false},"author":1,"featured_media":0,"parent":0,"menu_order":0,"comment_status":"closed","ping_status":"closed","template":"","meta":{"site-sidebar-layout":"default","site-content-layout":"default","ast-main-header-display":"","ast-hfb-above-header-display":"","ast-hfb-below-header-display":"","ast-hfb-mobile-header-display":"","site-post-title":"","ast-breadcrumbs-content":"","ast-featured-img":"","footer-sml-layout":"","theme-transparent-header-meta":"","adv-header-id-meta":"","stick-header-meta":"","header-above-stick-meta":"","header-main-stick-meta":"","header-below-stick-meta":"","footnotes":""},"class_list":["post-3309","page","type-page","status-publish","hentry"],"yoast_head":"<!-- This site is optimized with the Yoast SEO plugin v25.0 - https:\/\/yoast.com\/wordpress\/plugins\/seo\/ -->\n<title>Le don a \u00e9chou\u00e9 - CuraVac<\/title>\n<meta name=\"robots\" content=\"index, follow, max-snippet:-1, max-image-preview:large, max-video-preview:-1\" \/>\n<link rel=\"canonical\" href=\"https:\/\/www.curavac.com\/le-don-a-echoue-2\" \/>\n<meta property=\"og:locale\" content=\"fr_FR\" \/>\n<meta property=\"og:type\" content=\"article\" \/>\n<meta property=\"og:title\" content=\"Le don a \u00e9chou\u00e9 - CuraVac\" \/>\n<meta property=\"og:description\" content=\"Nous sommes d\u00e9sol\u00e9s, mais votre transaction a \u00e9chou\u00e9. Veuillez essayer \u00e0 nouveau ou contacter l\u2019assistance du site.\" \/>\n<meta property=\"og:url\" content=\"https:\/\/www.curavac.com\/le-don-a-echoue-2\" \/>\n<meta property=\"og:site_name\" content=\"CuraVac\" \/>\n<meta property=\"article:modified_time\" content=\"2025-03-17T18:14:11+00:00\" \/>\n<meta name=\"twitter:card\" content=\"summary_large_image\" \/>\n<script type=\"application\/ld+json\" class=\"yoast-schema-graph\">{\"@context\":\"https:\/\/schema.org\",\"@graph\":[{\"@type\":\"WebPage\",\"@id\":\"https:\/\/www.curavac.com\/le-don-a-echoue-2\",\"url\":\"https:\/\/www.curavac.com\/le-don-a-echoue-2\",\"name\":\"Le don a \u00e9chou\u00e9 - CuraVac\",\"isPartOf\":{\"@id\":\"https:\/\/www.curavac.com\/#website\"},\"datePublished\":\"2021-11-24T09:27:38+00:00\",\"dateModified\":\"2025-03-17T18:14:11+00:00\",\"breadcrumb\":{\"@id\":\"https:\/\/www.curavac.com\/le-don-a-echoue-2#breadcrumb\"},\"inLanguage\":\"fr-FR\",\"potentialAction\":[{\"@type\":\"ReadAction\",\"target\":[\"https:\/\/www.curavac.com\/le-don-a-echoue-2\"]}]},{\"@type\":\"BreadcrumbList\",\"@id\":\"https:\/\/www.curavac.com\/le-don-a-echoue-2#breadcrumb\",\"itemListElement\":[{\"@type\":\"ListItem\",\"position\":1,\"name\":\"Home\",\"item\":\"https:\/\/www.curavac.com\/fr\"},{\"@type\":\"ListItem\",\"position\":2,\"name\":\"Le don a \u00e9chou\u00e9\"}]},{\"@type\":\"WebSite\",\"@id\":\"https:\/\/www.curavac.com\/#website\",\"url\":\"https:\/\/www.curavac.com\/\",\"name\":\"CuraVac\",\"description\":\"Targeted Active Therapy for Autoimmune Diseases\",\"publisher\":{\"@id\":\"https:\/\/www.curavac.com\/#organization\"},\"potentialAction\":[{\"@type\":\"SearchAction\",\"target\":{\"@type\":\"EntryPoint\",\"urlTemplate\":\"https:\/\/www.curavac.com\/?s={search_term_string}\"},\"query-input\":{\"@type\":\"PropertyValueSpecification\",\"valueRequired\":true,\"valueName\":\"search_term_string\"}}],\"inLanguage\":\"fr-FR\"},{\"@type\":\"Organization\",\"@id\":\"https:\/\/www.curavac.com\/#organization\",\"name\":\"CuraVac\",\"url\":\"https:\/\/www.curavac.com\/\",\"logo\":{\"@type\":\"ImageObject\",\"inLanguage\":\"fr-FR\",\"@id\":\"https:\/\/www.curavac.com\/#\/schema\/logo\/image\/\",\"url\":\"https:\/\/www.curavac.com\/wp-content\/uploads\/2025\/04\/cropped-cropped-Taransparant-4.png\",\"contentUrl\":\"https:\/\/www.curavac.com\/wp-content\/uploads\/2025\/04\/cropped-cropped-Taransparant-4.png\",\"width\":1215,\"height\":331,\"caption\":\"CuraVac\"},\"image\":{\"@id\":\"https:\/\/www.curavac.com\/#\/schema\/logo\/image\/\"}}]}<\/script>\n<!-- \/ Yoast SEO plugin. -->","yoast_head_json":{"title":"Le don a \u00e9chou\u00e9 - CuraVac","robots":{"index":"index","follow":"follow","max-snippet":"max-snippet:-1","max-image-preview":"max-image-preview:large","max-video-preview":"max-video-preview:-1"},"canonical":"https:\/\/www.curavac.com\/le-don-a-echoue-2","og_locale":"fr_FR","og_type":"article","og_title":"Le don a \u00e9chou\u00e9 - CuraVac","og_description":"Nous sommes d\u00e9sol\u00e9s, mais votre transaction a \u00e9chou\u00e9. Veuillez essayer \u00e0 nouveau ou contacter l\u2019assistance du site.","og_url":"https:\/\/www.curavac.com\/le-don-a-echoue-2","og_site_name":"CuraVac","article_modified_time":"2025-03-17T18:14:11+00:00","twitter_card":"summary_large_image","schema":{"@context":"https:\/\/schema.org","@graph":[{"@type":"WebPage","@id":"https:\/\/www.curavac.com\/le-don-a-echoue-2","url":"https:\/\/www.curavac.com\/le-don-a-echoue-2","name":"Le don a \u00e9chou\u00e9 - CuraVac","isPartOf":{"@id":"https:\/\/www.curavac.com\/#website"},"datePublished":"2021-11-24T09:27:38+00:00","dateModified":"2025-03-17T18:14:11+00:00","breadcrumb":{"@id":"https:\/\/www.curavac.com\/le-don-a-echoue-2#breadcrumb"},"inLanguage":"fr-FR","potentialAction":[{"@type":"ReadAction","target":["https:\/\/www.curavac.com\/le-don-a-echoue-2"]}]},{"@type":"BreadcrumbList","@id":"https:\/\/www.curavac.com\/le-don-a-echoue-2#breadcrumb","itemListElement":[{"@type":"ListItem","position":1,"name":"Home","item":"https:\/\/www.curavac.com\/fr"},{"@type":"ListItem","position":2,"name":"Le don a \u00e9chou\u00e9"}]},{"@type":"WebSite","@id":"https:\/\/www.curavac.com\/#website","url":"https:\/\/www.curavac.com\/","name":"CuraVac","description":"Targeted Active Therapy for Autoimmune Diseases","publisher":{"@id":"https:\/\/www.curavac.com\/#organization"},"potentialAction":[{"@type":"SearchAction","target":{"@type":"EntryPoint","urlTemplate":"https:\/\/www.curavac.com\/?s={search_term_string}"},"query-input":{"@type":"PropertyValueSpecification","valueRequired":true,"valueName":"search_term_string"}}],"inLanguage":"fr-FR"},{"@type":"Organization","@id":"https:\/\/www.curavac.com\/#organization","name":"CuraVac","url":"https:\/\/www.curavac.com\/","logo":{"@type":"ImageObject","inLanguage":"fr-FR","@id":"https:\/\/www.curavac.com\/#\/schema\/logo\/image\/","url":"https:\/\/www.curavac.com\/wp-content\/uploads\/2025\/04\/cropped-cropped-Taransparant-4.png","contentUrl":"https:\/\/www.curavac.com\/wp-content\/uploads\/2025\/04\/cropped-cropped-Taransparant-4.png","width":1215,"height":331,"caption":"CuraVac"},"image":{"@id":"https:\/\/www.curavac.com\/#\/schema\/logo\/image\/"}}]}},"_links":{"self":[{"href":"https:\/\/www.curavac.com\/fr\/wp-json\/wp\/v2\/pages\/3309","targetHints":{"allow":["GET"]}}],"collection":[{"href":"https:\/\/www.curavac.com\/fr\/wp-json\/wp\/v2\/pages"}],"about":[{"href":"https:\/\/www.curavac.com\/fr\/wp-json\/wp\/v2\/types\/page"}],"author":[{"embeddable":true,"href":"https:\/\/www.curavac.com\/fr\/wp-json\/wp\/v2\/users\/1"}],"replies":[{"embeddable":true,"href":"https:\/\/www.curavac.com\/fr\/wp-json\/wp\/v2\/comments?post=3309"}],"version-history":[{"count":1,"href":"https:\/\/www.curavac.com\/fr\/wp-json\/wp\/v2\/pages\/3309\/revisions"}],"predecessor-version":[{"id":3310,"href":"https:\/\/www.curavac.com\/fr\/wp-json\/wp\/v2\/pages\/3309\/revisions\/3310"}],"wp:attachment":[{"href":"https:\/\/www.curavac.com\/fr\/wp-json\/wp\/v2\/media?parent=3309"}],"curies":[{"name":"wp","href":"https:\/\/api.w.org\/{rel}","templated":true}]}}