{"id":3280,"date":"2021-11-18T12:49:20","date_gmt":"2021-11-18T11:49:20","guid":{"rendered":"https:\/\/www.curavac.com\/maladies-auto-immunes"},"modified":"2025-04-11T15:58:24","modified_gmt":"2025-04-11T13:58:24","slug":"maladies-auto-immunes","status":"publish","type":"page","link":"https:\/\/www.curavac.com\/fr\/maladies-auto-immunes","title":{"rendered":"Maladies auto-immunes"},"content":{"rendered":"<h2>Maladies auto-immunes<\/h2>\n<p><strong>Les maladies auto-immunes<\/strong> sont des affections dans lesquelles le syst\u00e8me immunitaire se retourne par erreur contre certaines parties de l&rsquo;organisme comme s&rsquo;il s&rsquo;agissait de cellules \u00e9trang\u00e8res nuisibles. En r\u00e9ponse \u00e0 un d\u00e9clencheur inconnu, qui peut \u00eatre de nature environnementale ou g\u00e9n\u00e9tique, le syst\u00e8me immunitaire commence \u00e0 produire des anticorps qui, au lieu de combattre les infections, attaquent les propres tissus de l&rsquo;organisme.<\/p>\n<p>Il existe de nombreuses maladies auto-immunes, environ 80, dont les sympt\u00f4mes vont de l\u00e9gers \u00e0 invalidants, selon la partie du corps touch\u00e9e et le degr\u00e9 d&rsquo;atteinte. On estime que 5 \u00e0 8 % de la population mondiale souffre actuellement d&rsquo;une maladie auto-immune. Parmi les plus r\u00e9pandues, on trouve <strong>la maladie de Graves<\/strong>, <strong>la maladie de Hashimoto<\/strong>, <strong>le diab\u00e8te de type 1<\/strong>, <strong>la scl\u00e9rose en plaques<\/strong> (SEP), <strong>le lupus \u00e9ryth\u00e9mateux diss\u00e9min\u00e9<\/strong> (LED) et <strong>la myasth\u00e9nie grave<\/strong> (MG).<\/p>\n<h2>Maladies auto-immunes &#8211; Nombre de cas aux \u00c9tats-Unis<\/h2>\n<p>Maladie de Grave<br \/>\n2,064,600<br \/>\nMaladie de Hashimoto<br \/>\n1,731,600<br \/>\nDiab\u00e8te de type 1<br \/>\n865,800<br \/>\nScl\u00e9rose en plaques<br \/>\n799,200<br \/>\nLupus syst\u00e9mique<br \/>\n233,100<br \/>\nMyasth\u00e9nie Grave<br \/>\n66,600<\/p>\n<p><strong>CuraVac<\/strong> concentre initialement ses recherches sur <strong>une th\u00e9rapie active cibl\u00e9e pour<\/strong> <strong>la myasth\u00e9ni<\/strong><strong>e<\/strong>, une maladie auto-immune rare mais pas exceptionnelle qui touche environ une personne sur cinq \u00e0 cinq mille dans le monde. Bien qu&rsquo;elle ne soit pas tr\u00e8s r\u00e9pandue, la pathologie de la MG est tr\u00e8s bien comprise et constitue un excellent mod\u00e8le de d\u00e9veloppement pour d&rsquo;autres th\u00e9rapies actives cibl\u00e9es contre les maladies auto-immunes.<\/p>\n<p>Actuellement, les traitements des maladies auto-immunes n\u00e9cessitent souvent des m\u00e9dicaments lourds ou des proc\u00e9dures chirurgicales invasives, souvent accompagn\u00e9s de nombreux effets secondaires. La plupart du temps, ces traitements ne peuvent que r\u00e9duire certains sympt\u00f4mes ou ralentir la progression de la maladie.<\/p>\n<p>Le succ\u00e8s de la premi\u00e8re th\u00e9rapie active cibl\u00e9e de CuraVac repr\u00e9sente <strong>une avanc\u00e9e potentielle<\/strong> dans le domaine des maladies auto-immunes et pourrait ouvrir la voie \u00e0 un nouveau type de traitement, susceptible d&rsquo;offrir une am\u00e9lioration durable et d&rsquo;apporter un rem\u00e8de potentiel aux patients.<\/p>\n<p>Les <a style=\"color: #0274be;\" href=\"https:\/\/www.curavac.com\/wp-content\/uploads\/2021\/11\/Communication_CV-0002_Results_EN.pdf\" target=\"_blank\" rel=\"noopener\">r\u00e9sultats finaux de notre essai clinique de phase 1B <\/a>ont d\u00e9montr\u00e9 un excellent profil de s\u00e9curit\u00e9 et ont appel\u00e9 \u00e0 un essai clinique d&rsquo;efficacit\u00e9 de phase 2 que nous pr\u00e9parons actuellement avec une formulation plus puissante de la Th\u00e9rapie Active Cibl\u00e9e contre la MG : CV-MG02.<\/p>\n","protected":false},"excerpt":{"rendered":"<p>Maladies auto-immunes Les maladies auto-immunes sont des affections dans lesquelles le syst\u00e8me immunitaire se retourne par erreur contre certaines parties de l&rsquo;organisme comme s&rsquo;il s&rsquo;agissait de cellules \u00e9trang\u00e8res nuisibles. En r\u00e9ponse \u00e0 un d\u00e9clencheur inconnu, qui peut \u00eatre de nature environnementale ou g\u00e9n\u00e9tique, le syst\u00e8me immunitaire commence \u00e0 produire des anticorps qui, au lieu de &hellip;<\/p>\n<p class=\"read-more\"> <a class=\"\" href=\"https:\/\/www.curavac.com\/fr\/maladies-auto-immunes\"> <span class=\"screen-reader-text\">Maladies auto-immunes<\/span> Lire la suite\u00a0\u00bb<\/a><\/p>\n","protected":false},"author":1,"featured_media":0,"parent":0,"menu_order":0,"comment_status":"closed","ping_status":"closed","template":"","meta":{"site-sidebar-layout":"no-sidebar","site-content-layout":"page-builder","ast-main-header-display":"","ast-hfb-above-header-display":"","ast-hfb-below-header-display":"","ast-hfb-mobile-header-display":"","site-post-title":"disabled","ast-breadcrumbs-content":"","ast-featured-img":"disabled","footer-sml-layout":"","theme-transparent-header-meta":"","adv-header-id-meta":"","stick-header-meta":"","header-above-stick-meta":"","header-main-stick-meta":"","header-below-stick-meta":"","footnotes":""},"class_list":["post-3280","page","type-page","status-publish","hentry"],"yoast_head":"<!-- This site is optimized with the Yoast SEO plugin v25.0 - https:\/\/yoast.com\/wordpress\/plugins\/seo\/ -->\n<title>Maladies auto-immunes - CuraVac<\/title>\n<meta name=\"robots\" content=\"index, follow, max-snippet:-1, max-image-preview:large, max-video-preview:-1\" \/>\n<link rel=\"canonical\" href=\"https:\/\/www.curavac.com\/autoimmune-diseases\" \/>\n<meta property=\"og:locale\" content=\"fr_FR\" \/>\n<meta property=\"og:type\" content=\"article\" \/>\n<meta property=\"og:title\" content=\"Maladies auto-immunes - CuraVac\" \/>\n<meta property=\"og:description\" content=\"Maladies auto-immunes Les maladies auto-immunes sont des affections dans lesquelles le syst\u00e8me immunitaire se retourne par erreur contre certaines parties de l&rsquo;organisme comme s&rsquo;il s&rsquo;agissait de cellules \u00e9trang\u00e8res nuisibles. En r\u00e9ponse \u00e0 un d\u00e9clencheur inconnu, qui peut \u00eatre de nature environnementale ou g\u00e9n\u00e9tique, le syst\u00e8me immunitaire commence \u00e0 produire des anticorps qui, au lieu de &hellip; Maladies auto-immunes Lire la suite\u00a0\u00bb\" \/>\n<meta property=\"og:url\" content=\"https:\/\/www.curavac.com\/autoimmune-diseases\" \/>\n<meta property=\"og:site_name\" content=\"CuraVac\" \/>\n<meta property=\"article:modified_time\" content=\"2025-04-11T13:58:24+00:00\" \/>\n<meta name=\"twitter:card\" content=\"summary_large_image\" \/>\n<meta name=\"twitter:label1\" content=\"Dur\u00e9e de lecture estim\u00e9e\" \/>\n\t<meta name=\"twitter:data1\" content=\"2 minutes\" \/>\n<script type=\"application\/ld+json\" class=\"yoast-schema-graph\">{\"@context\":\"https:\/\/schema.org\",\"@graph\":[{\"@type\":\"WebPage\",\"@id\":\"https:\/\/www.curavac.com\/autoimmune-diseases\",\"url\":\"https:\/\/www.curavac.com\/autoimmune-diseases\",\"name\":\"Maladies auto-immunes - CuraVac\",\"isPartOf\":{\"@id\":\"https:\/\/www.curavac.com\/#website\"},\"datePublished\":\"2021-11-18T11:49:20+00:00\",\"dateModified\":\"2025-04-11T13:58:24+00:00\",\"breadcrumb\":{\"@id\":\"https:\/\/www.curavac.com\/autoimmune-diseases#breadcrumb\"},\"inLanguage\":\"fr-FR\",\"potentialAction\":[{\"@type\":\"ReadAction\",\"target\":[\"https:\/\/www.curavac.com\/autoimmune-diseases\"]}]},{\"@type\":\"BreadcrumbList\",\"@id\":\"https:\/\/www.curavac.com\/autoimmune-diseases#breadcrumb\",\"itemListElement\":[{\"@type\":\"ListItem\",\"position\":1,\"name\":\"Home\",\"item\":\"https:\/\/www.curavac.com\/fr\"},{\"@type\":\"ListItem\",\"position\":2,\"name\":\"Maladies auto-immunes\"}]},{\"@type\":\"WebSite\",\"@id\":\"https:\/\/www.curavac.com\/#website\",\"url\":\"https:\/\/www.curavac.com\/\",\"name\":\"CuraVac\",\"description\":\"Targeted Active Therapy for Autoimmune Diseases\",\"publisher\":{\"@id\":\"https:\/\/www.curavac.com\/#organization\"},\"potentialAction\":[{\"@type\":\"SearchAction\",\"target\":{\"@type\":\"EntryPoint\",\"urlTemplate\":\"https:\/\/www.curavac.com\/?s={search_term_string}\"},\"query-input\":{\"@type\":\"PropertyValueSpecification\",\"valueRequired\":true,\"valueName\":\"search_term_string\"}}],\"inLanguage\":\"fr-FR\"},{\"@type\":\"Organization\",\"@id\":\"https:\/\/www.curavac.com\/#organization\",\"name\":\"CuraVac\",\"url\":\"https:\/\/www.curavac.com\/\",\"logo\":{\"@type\":\"ImageObject\",\"inLanguage\":\"fr-FR\",\"@id\":\"https:\/\/www.curavac.com\/#\/schema\/logo\/image\/\",\"url\":\"https:\/\/www.curavac.com\/wp-content\/uploads\/2025\/04\/cropped-cropped-Taransparant-4.png\",\"contentUrl\":\"https:\/\/www.curavac.com\/wp-content\/uploads\/2025\/04\/cropped-cropped-Taransparant-4.png\",\"width\":1215,\"height\":331,\"caption\":\"CuraVac\"},\"image\":{\"@id\":\"https:\/\/www.curavac.com\/#\/schema\/logo\/image\/\"}}]}<\/script>\n<!-- \/ Yoast SEO plugin. -->","yoast_head_json":{"title":"Maladies auto-immunes - CuraVac","robots":{"index":"index","follow":"follow","max-snippet":"max-snippet:-1","max-image-preview":"max-image-preview:large","max-video-preview":"max-video-preview:-1"},"canonical":"https:\/\/www.curavac.com\/autoimmune-diseases","og_locale":"fr_FR","og_type":"article","og_title":"Maladies auto-immunes - CuraVac","og_description":"Maladies auto-immunes Les maladies auto-immunes sont des affections dans lesquelles le syst\u00e8me immunitaire se retourne par erreur contre certaines parties de l&rsquo;organisme comme s&rsquo;il s&rsquo;agissait de cellules \u00e9trang\u00e8res nuisibles. En r\u00e9ponse \u00e0 un d\u00e9clencheur inconnu, qui peut \u00eatre de nature environnementale ou g\u00e9n\u00e9tique, le syst\u00e8me immunitaire commence \u00e0 produire des anticorps qui, au lieu de &hellip; Maladies auto-immunes Lire la suite\u00a0\u00bb","og_url":"https:\/\/www.curavac.com\/autoimmune-diseases","og_site_name":"CuraVac","article_modified_time":"2025-04-11T13:58:24+00:00","twitter_card":"summary_large_image","twitter_misc":{"Dur\u00e9e de lecture estim\u00e9e":"2 minutes"},"schema":{"@context":"https:\/\/schema.org","@graph":[{"@type":"WebPage","@id":"https:\/\/www.curavac.com\/autoimmune-diseases","url":"https:\/\/www.curavac.com\/autoimmune-diseases","name":"Maladies auto-immunes - CuraVac","isPartOf":{"@id":"https:\/\/www.curavac.com\/#website"},"datePublished":"2021-11-18T11:49:20+00:00","dateModified":"2025-04-11T13:58:24+00:00","breadcrumb":{"@id":"https:\/\/www.curavac.com\/autoimmune-diseases#breadcrumb"},"inLanguage":"fr-FR","potentialAction":[{"@type":"ReadAction","target":["https:\/\/www.curavac.com\/autoimmune-diseases"]}]},{"@type":"BreadcrumbList","@id":"https:\/\/www.curavac.com\/autoimmune-diseases#breadcrumb","itemListElement":[{"@type":"ListItem","position":1,"name":"Home","item":"https:\/\/www.curavac.com\/fr"},{"@type":"ListItem","position":2,"name":"Maladies auto-immunes"}]},{"@type":"WebSite","@id":"https:\/\/www.curavac.com\/#website","url":"https:\/\/www.curavac.com\/","name":"CuraVac","description":"Targeted Active Therapy for Autoimmune Diseases","publisher":{"@id":"https:\/\/www.curavac.com\/#organization"},"potentialAction":[{"@type":"SearchAction","target":{"@type":"EntryPoint","urlTemplate":"https:\/\/www.curavac.com\/?s={search_term_string}"},"query-input":{"@type":"PropertyValueSpecification","valueRequired":true,"valueName":"search_term_string"}}],"inLanguage":"fr-FR"},{"@type":"Organization","@id":"https:\/\/www.curavac.com\/#organization","name":"CuraVac","url":"https:\/\/www.curavac.com\/","logo":{"@type":"ImageObject","inLanguage":"fr-FR","@id":"https:\/\/www.curavac.com\/#\/schema\/logo\/image\/","url":"https:\/\/www.curavac.com\/wp-content\/uploads\/2025\/04\/cropped-cropped-Taransparant-4.png","contentUrl":"https:\/\/www.curavac.com\/wp-content\/uploads\/2025\/04\/cropped-cropped-Taransparant-4.png","width":1215,"height":331,"caption":"CuraVac"},"image":{"@id":"https:\/\/www.curavac.com\/#\/schema\/logo\/image\/"}}]}},"_links":{"self":[{"href":"https:\/\/www.curavac.com\/fr\/wp-json\/wp\/v2\/pages\/3280","targetHints":{"allow":["GET"]}}],"collection":[{"href":"https:\/\/www.curavac.com\/fr\/wp-json\/wp\/v2\/pages"}],"about":[{"href":"https:\/\/www.curavac.com\/fr\/wp-json\/wp\/v2\/types\/page"}],"author":[{"embeddable":true,"href":"https:\/\/www.curavac.com\/fr\/wp-json\/wp\/v2\/users\/1"}],"replies":[{"embeddable":true,"href":"https:\/\/www.curavac.com\/fr\/wp-json\/wp\/v2\/comments?post=3280"}],"version-history":[{"count":2,"href":"https:\/\/www.curavac.com\/fr\/wp-json\/wp\/v2\/pages\/3280\/revisions"}],"predecessor-version":[{"id":4701,"href":"https:\/\/www.curavac.com\/fr\/wp-json\/wp\/v2\/pages\/3280\/revisions\/4701"}],"wp:attachment":[{"href":"https:\/\/www.curavac.com\/fr\/wp-json\/wp\/v2\/media?parent=3280"}],"curies":[{"name":"wp","href":"https:\/\/api.w.org\/{rel}","templated":true}]}}