{"id":3276,"date":"2025-02-27T23:08:56","date_gmt":"2025-02-27T22:08:56","guid":{"rendered":"https:\/\/www.curavac.com\/?page_id=3276"},"modified":"2025-03-18T16:58:29","modified_gmt":"2025-03-18T15:58:29","slug":"lentreprise-2","status":"publish","type":"page","link":"https:\/\/www.curavac.com\/fr\/lentreprise-2","title":{"rendered":"L&rsquo;entreprise"},"content":{"rendered":"\n<p><strong>CuraVac<\/strong> est une soci\u00e9t\u00e9 de biotechnologie au stade clinique qui d\u00e9veloppe des th\u00e9rapies actives cibl\u00e9es et des immunoth\u00e9rapies actives cibl\u00e9es pour <a href=\"hts:\/\/www.curavac.com\/autoimmune-diseases\/\">les maladies auto-immunes.<\/a> En utilisant une nouvelle technique r\u00e9volutionnaire bas\u00e9e sur des peptides compl\u00e9mentaires, nous visons \u00e0 induire une immunit\u00e9 \u00e0 long terme contre les maladies auto-immunes telles que la scl\u00e9rose en plaques (SEP), la <a href=\"hts:\/\/www.curavac.com\/myasthenia\/\">myasth\u00e9nie grave<\/a> (MG), le diab\u00e8te de type 1, la maladie de Graves, le lupus \u00e9ryth\u00e9mateux diss\u00e9min\u00e9 (LED) et la maladie d&rsquo;Hashimoto.<\/p>\n\n\n\n<p>Le premier candidat traitement, une th\u00e9rapie active cibl\u00e9e pour la myasth\u00e9nie grave, <strong>CV-MG<\/strong>, a d\u00e9j\u00e0 termin\u00e9 la phase 1b de l&rsquo;\u00e9tude clinique avec un excellent profil d&rsquo;innocuit\u00e9.<\/p>\n\n\n\n<p><strong>Nous pr\u00e9parons actuellement un essai clinique de d\u00e9monstration de l&rsquo;efficacit\u00e9 de phase 2.<\/strong><\/p>\n\n\n\n<p>Le CV-MG de CuraVac constitue une perc\u00e9e potentielle dans le traitement de la MG et une r\u00e9volution th\u00e9rapeutique potentielle pour toutes les maladies auto-immunes, <strong>peut-\u00eatre la premi\u00e8re \u00e0 apporter une am\u00e9lioration durable et une gu\u00e9rison potentielle aux patients.<\/strong><\/p>\n","protected":false},"excerpt":{"rendered":"<p>CuraVac est une soci\u00e9t\u00e9 de biotechnologie au stade clinique qui d\u00e9veloppe des th\u00e9rapies actives cibl\u00e9es et des immunoth\u00e9rapies actives cibl\u00e9es pour les maladies auto-immunes. En utilisant une nouvelle technique r\u00e9volutionnaire bas\u00e9e sur des peptides compl\u00e9mentaires, nous visons \u00e0 induire une immunit\u00e9 \u00e0 long terme contre les maladies auto-immunes telles que la scl\u00e9rose en plaques (SEP), &hellip;<\/p>\n<p class=\"read-more\"> <a class=\"\" href=\"https:\/\/www.curavac.com\/fr\/lentreprise-2\"> <span class=\"screen-reader-text\">L&rsquo;entreprise<\/span> Lire la suite\u00a0\u00bb<\/a><\/p>\n","protected":false},"author":1,"featured_media":0,"parent":0,"menu_order":0,"comment_status":"closed","ping_status":"closed","template":"","meta":{"site-sidebar-layout":"default","site-content-layout":"default","ast-main-header-display":"","ast-hfb-above-header-display":"","ast-hfb-below-header-display":"","ast-hfb-mobile-header-display":"","site-post-title":"","ast-breadcrumbs-content":"","ast-featured-img":"","footer-sml-layout":"","theme-transparent-header-meta":"","adv-header-id-meta":"","stick-header-meta":"","header-above-stick-meta":"","header-main-stick-meta":"","header-below-stick-meta":"","footnotes":""},"class_list":["post-3276","page","type-page","status-publish","hentry"],"yoast_head":"<!-- This site is optimized with the Yoast SEO plugin v25.0 - https:\/\/yoast.com\/wordpress\/plugins\/seo\/ -->\n<title>L&#039;entreprise - CuraVac<\/title>\n<meta name=\"robots\" content=\"index, follow, max-snippet:-1, max-image-preview:large, max-video-preview:-1\" \/>\n<link rel=\"canonical\" href=\"https:\/\/www.curavac.com\/company-2\" \/>\n<meta property=\"og:locale\" content=\"fr_FR\" \/>\n<meta property=\"og:type\" content=\"article\" \/>\n<meta property=\"og:title\" content=\"L&#039;entreprise - CuraVac\" \/>\n<meta property=\"og:description\" content=\"CuraVac est une soci\u00e9t\u00e9 de biotechnologie au stade clinique qui d\u00e9veloppe des th\u00e9rapies actives cibl\u00e9es et des immunoth\u00e9rapies actives cibl\u00e9es pour les maladies auto-immunes. En utilisant une nouvelle technique r\u00e9volutionnaire bas\u00e9e sur des peptides compl\u00e9mentaires, nous visons \u00e0 induire une immunit\u00e9 \u00e0 long terme contre les maladies auto-immunes telles que la scl\u00e9rose en plaques (SEP), &hellip; L&rsquo;entreprise Lire la suite\u00a0\u00bb\" \/>\n<meta property=\"og:url\" content=\"https:\/\/www.curavac.com\/company-2\" \/>\n<meta property=\"og:site_name\" content=\"CuraVac\" \/>\n<meta property=\"article:modified_time\" content=\"2025-03-18T15:58:29+00:00\" \/>\n<meta name=\"twitter:card\" content=\"summary_large_image\" \/>\n<meta name=\"twitter:label1\" content=\"Dur\u00e9e de lecture estim\u00e9e\" \/>\n\t<meta name=\"twitter:data1\" content=\"1 minute\" \/>\n<script type=\"application\/ld+json\" class=\"yoast-schema-graph\">{\"@context\":\"https:\/\/schema.org\",\"@graph\":[{\"@type\":\"WebPage\",\"@id\":\"https:\/\/www.curavac.com\/company-2\",\"url\":\"https:\/\/www.curavac.com\/company-2\",\"name\":\"L'entreprise - CuraVac\",\"isPartOf\":{\"@id\":\"https:\/\/www.curavac.com\/#website\"},\"datePublished\":\"2025-02-27T22:08:56+00:00\",\"dateModified\":\"2025-03-18T15:58:29+00:00\",\"breadcrumb\":{\"@id\":\"https:\/\/www.curavac.com\/company-2#breadcrumb\"},\"inLanguage\":\"fr-FR\",\"potentialAction\":[{\"@type\":\"ReadAction\",\"target\":[\"https:\/\/www.curavac.com\/company-2\"]}]},{\"@type\":\"BreadcrumbList\",\"@id\":\"https:\/\/www.curavac.com\/company-2#breadcrumb\",\"itemListElement\":[{\"@type\":\"ListItem\",\"position\":1,\"name\":\"Home\",\"item\":\"https:\/\/www.curavac.com\/fr\"},{\"@type\":\"ListItem\",\"position\":2,\"name\":\"L&#8217;entreprise\"}]},{\"@type\":\"WebSite\",\"@id\":\"https:\/\/www.curavac.com\/#website\",\"url\":\"https:\/\/www.curavac.com\/\",\"name\":\"CuraVac\",\"description\":\"Targeted Active Therapy for Autoimmune Diseases\",\"publisher\":{\"@id\":\"https:\/\/www.curavac.com\/#organization\"},\"potentialAction\":[{\"@type\":\"SearchAction\",\"target\":{\"@type\":\"EntryPoint\",\"urlTemplate\":\"https:\/\/www.curavac.com\/?s={search_term_string}\"},\"query-input\":{\"@type\":\"PropertyValueSpecification\",\"valueRequired\":true,\"valueName\":\"search_term_string\"}}],\"inLanguage\":\"fr-FR\"},{\"@type\":\"Organization\",\"@id\":\"https:\/\/www.curavac.com\/#organization\",\"name\":\"CuraVac\",\"url\":\"https:\/\/www.curavac.com\/\",\"logo\":{\"@type\":\"ImageObject\",\"inLanguage\":\"fr-FR\",\"@id\":\"https:\/\/www.curavac.com\/#\/schema\/logo\/image\/\",\"url\":\"https:\/\/www.curavac.com\/wp-content\/uploads\/2025\/04\/cropped-cropped-Taransparant-4.png\",\"contentUrl\":\"https:\/\/www.curavac.com\/wp-content\/uploads\/2025\/04\/cropped-cropped-Taransparant-4.png\",\"width\":1215,\"height\":331,\"caption\":\"CuraVac\"},\"image\":{\"@id\":\"https:\/\/www.curavac.com\/#\/schema\/logo\/image\/\"}}]}<\/script>\n<!-- \/ Yoast SEO plugin. -->","yoast_head_json":{"title":"L'entreprise - CuraVac","robots":{"index":"index","follow":"follow","max-snippet":"max-snippet:-1","max-image-preview":"max-image-preview:large","max-video-preview":"max-video-preview:-1"},"canonical":"https:\/\/www.curavac.com\/company-2","og_locale":"fr_FR","og_type":"article","og_title":"L'entreprise - CuraVac","og_description":"CuraVac est une soci\u00e9t\u00e9 de biotechnologie au stade clinique qui d\u00e9veloppe des th\u00e9rapies actives cibl\u00e9es et des immunoth\u00e9rapies actives cibl\u00e9es pour les maladies auto-immunes. En utilisant une nouvelle technique r\u00e9volutionnaire bas\u00e9e sur des peptides compl\u00e9mentaires, nous visons \u00e0 induire une immunit\u00e9 \u00e0 long terme contre les maladies auto-immunes telles que la scl\u00e9rose en plaques (SEP), &hellip; L&rsquo;entreprise Lire la suite\u00a0\u00bb","og_url":"https:\/\/www.curavac.com\/company-2","og_site_name":"CuraVac","article_modified_time":"2025-03-18T15:58:29+00:00","twitter_card":"summary_large_image","twitter_misc":{"Dur\u00e9e de lecture estim\u00e9e":"1 minute"},"schema":{"@context":"https:\/\/schema.org","@graph":[{"@type":"WebPage","@id":"https:\/\/www.curavac.com\/company-2","url":"https:\/\/www.curavac.com\/company-2","name":"L'entreprise - CuraVac","isPartOf":{"@id":"https:\/\/www.curavac.com\/#website"},"datePublished":"2025-02-27T22:08:56+00:00","dateModified":"2025-03-18T15:58:29+00:00","breadcrumb":{"@id":"https:\/\/www.curavac.com\/company-2#breadcrumb"},"inLanguage":"fr-FR","potentialAction":[{"@type":"ReadAction","target":["https:\/\/www.curavac.com\/company-2"]}]},{"@type":"BreadcrumbList","@id":"https:\/\/www.curavac.com\/company-2#breadcrumb","itemListElement":[{"@type":"ListItem","position":1,"name":"Home","item":"https:\/\/www.curavac.com\/fr"},{"@type":"ListItem","position":2,"name":"L&#8217;entreprise"}]},{"@type":"WebSite","@id":"https:\/\/www.curavac.com\/#website","url":"https:\/\/www.curavac.com\/","name":"CuraVac","description":"Targeted Active Therapy for Autoimmune Diseases","publisher":{"@id":"https:\/\/www.curavac.com\/#organization"},"potentialAction":[{"@type":"SearchAction","target":{"@type":"EntryPoint","urlTemplate":"https:\/\/www.curavac.com\/?s={search_term_string}"},"query-input":{"@type":"PropertyValueSpecification","valueRequired":true,"valueName":"search_term_string"}}],"inLanguage":"fr-FR"},{"@type":"Organization","@id":"https:\/\/www.curavac.com\/#organization","name":"CuraVac","url":"https:\/\/www.curavac.com\/","logo":{"@type":"ImageObject","inLanguage":"fr-FR","@id":"https:\/\/www.curavac.com\/#\/schema\/logo\/image\/","url":"https:\/\/www.curavac.com\/wp-content\/uploads\/2025\/04\/cropped-cropped-Taransparant-4.png","contentUrl":"https:\/\/www.curavac.com\/wp-content\/uploads\/2025\/04\/cropped-cropped-Taransparant-4.png","width":1215,"height":331,"caption":"CuraVac"},"image":{"@id":"https:\/\/www.curavac.com\/#\/schema\/logo\/image\/"}}]}},"_links":{"self":[{"href":"https:\/\/www.curavac.com\/fr\/wp-json\/wp\/v2\/pages\/3276","targetHints":{"allow":["GET"]}}],"collection":[{"href":"https:\/\/www.curavac.com\/fr\/wp-json\/wp\/v2\/pages"}],"about":[{"href":"https:\/\/www.curavac.com\/fr\/wp-json\/wp\/v2\/types\/page"}],"author":[{"embeddable":true,"href":"https:\/\/www.curavac.com\/fr\/wp-json\/wp\/v2\/users\/1"}],"replies":[{"embeddable":true,"href":"https:\/\/www.curavac.com\/fr\/wp-json\/wp\/v2\/comments?post=3276"}],"version-history":[{"count":4,"href":"https:\/\/www.curavac.com\/fr\/wp-json\/wp\/v2\/pages\/3276\/revisions"}],"predecessor-version":[{"id":4579,"href":"https:\/\/www.curavac.com\/fr\/wp-json\/wp\/v2\/pages\/3276\/revisions\/4579"}],"wp:attachment":[{"href":"https:\/\/www.curavac.com\/fr\/wp-json\/wp\/v2\/media?parent=3276"}],"curies":[{"name":"wp","href":"https:\/\/api.w.org\/{rel}","templated":true}]}}