{"id":3495,"date":"2021-11-25T15:50:31","date_gmt":"2021-11-25T14:50:31","guid":{"rendered":"https:\/\/www.curavac.com\/nuestra-historia"},"modified":"2025-03-17T20:13:12","modified_gmt":"2025-03-17T19:13:12","slug":"nuestra-historia","status":"publish","type":"page","link":"https:\/\/www.curavac.com\/es\/nuestra-historia","title":{"rendered":"Nuestra historia"},"content":{"rendered":"\t\t<div data-elementor-type=\"wp-page\" data-elementor-id=\"3495\" class=\"elementor elementor-3495 elementor-1140\">\n\t\t\t\t\t\t\t\t\t<section class=\"has_ma_el_bg_slider elementor-section elementor-top-section elementor-element elementor-element-fcc14f8 elementor-section-boxed elementor-section-height-default elementor-section-height-default jltma-glass-effect-no\" data-id=\"fcc14f8\" data-element_type=\"section\">\n\t\t\t\t\t\t<div class=\"elementor-container elementor-column-gap-default\">\n\t\t\t\t\t<div class=\"has_ma_el_bg_slider elementor-column elementor-col-100 elementor-top-column elementor-element elementor-element-3f784a0 jltma-glass-effect-no\" data-id=\"3f784a0\" data-element_type=\"column\">\n\t\t\t<div class=\"elementor-widget-wrap elementor-element-populated\">\n\t\t\t\t\t\t\t\t<section class=\"has_ma_el_bg_slider elementor-section elementor-inner-section elementor-element elementor-element-a851d03 elementor-section-boxed elementor-section-height-default elementor-section-height-default jltma-glass-effect-no\" data-id=\"a851d03\" data-element_type=\"section\">\n\t\t\t\t\t\t<div class=\"elementor-container elementor-column-gap-wider\">\n\t\t\t\t\t<div class=\"has_ma_el_bg_slider elementor-column elementor-col-50 elementor-inner-column elementor-element elementor-element-0e20e60 jltma-glass-effect-no\" data-id=\"0e20e60\" data-element_type=\"column\">\n\t\t\t<div class=\"elementor-widget-wrap elementor-element-populated\">\n\t\t\t\t\t\t\t\t<div class=\"elementor-element elementor-element-516781e jltma-glass-effect-no elementor-widget elementor-widget-heading\" data-id=\"516781e\" data-element_type=\"widget\" data-widget_type=\"heading.default\">\n\t\t\t\t<div class=\"elementor-widget-container\">\n\t\t\t<style>\/*! elementor - v3.6.8 - 27-07-2022 *\/\n.elementor-heading-title{padding:0;margin:0;line-height:1}.elementor-widget-heading .elementor-heading-title[class*=elementor-size-]>a{color:inherit;font-size:inherit;line-height:inherit}.elementor-widget-heading .elementor-heading-title.elementor-size-small{font-size:15px}.elementor-widget-heading .elementor-heading-title.elementor-size-medium{font-size:19px}.elementor-widget-heading .elementor-heading-title.elementor-size-large{font-size:29px}.elementor-widget-heading .elementor-heading-title.elementor-size-xl{font-size:39px}.elementor-widget-heading .elementor-heading-title.elementor-size-xxl{font-size:59px}<\/style><h2 class=\"elementor-heading-title elementor-size-default\">Nuestra historia<\/h2>\t\t<\/div>\n\t\t\t\t<\/div>\n\t\t\t\t<div class=\"elementor-element elementor-element-74bd145 jltma-glass-effect-no elementor-widget elementor-widget-text-editor\" data-id=\"74bd145\" data-element_type=\"widget\" data-widget_type=\"text-editor.default\">\n\t\t\t\t<div class=\"elementor-widget-container\">\n\t\t\t<style>\/*! elementor - v3.6.8 - 27-07-2022 *\/\n.elementor-widget-text-editor.elementor-drop-cap-view-stacked .elementor-drop-cap{background-color:#818a91;color:#fff}.elementor-widget-text-editor.elementor-drop-cap-view-framed .elementor-drop-cap{color:#818a91;border:3px solid;background-color:transparent}.elementor-widget-text-editor:not(.elementor-drop-cap-view-default) .elementor-drop-cap{margin-top:8px}.elementor-widget-text-editor:not(.elementor-drop-cap-view-default) .elementor-drop-cap-letter{width:1em;height:1em}.elementor-widget-text-editor .elementor-drop-cap{float:left;text-align:center;line-height:1;font-size:50px}.elementor-widget-text-editor .elementor-drop-cap-letter{display:inline-block}<\/style>\t\t\t\t<p>CuraVac fue fundada en 2002 por el Dr. St\u00e9phane Huberty, un m\u00e9dico belga que padec\u00eda <a href=\"https:\/\/www.curavac.com\/es\/miastenia-grave\" target=\"_blank\" rel=\"noopener\"><span style=\"color: #053d83;\">Miastenia Grave<\/span><\/a> (MG). Poco despu\u00e9s, la empresa adquiri\u00f3 la patente del p\u00e9ptido complementario, recaud\u00f3 fondos y se organiz\u00f3 como sociedad de gesti\u00f3n en el centro de una red de colaboraciones y empresas subcontratadas. El descubridor original de la t\u00e9cnica de producci\u00f3n de vacunas, el profesor J. Edwin Blalock, tambi\u00e9n se uni\u00f3 a CuraVac como asesor. <\/p>\n\t\t\t\t\t\t<\/div>\n\t\t\t\t<\/div>\n\t\t\t\t<div class=\"elementor-element elementor-element-c1664b3 jltma-glass-effect-no elementor-widget elementor-widget-text-editor\" data-id=\"c1664b3\" data-element_type=\"widget\" data-widget_type=\"text-editor.default\">\n\t\t\t\t<div class=\"elementor-widget-container\">\n\t\t\t\t\t\t\t<ul>\n<li>En <strong>2002<\/strong> se cre\u00f3 la empresa y se adquiri\u00f3 la patente del p\u00e9ptido complementario. La empresa recaud\u00f3 fondos y se organiz\u00f3 como sociedad de gesti\u00f3n en el centro de una red de experiencia y competencia de colaboraciones y empresas subcontratadas.<\/li>\n<\/ul>\n\t\t\t\t\t\t<\/div>\n\t\t\t\t<\/div>\n\t\t\t\t<div class=\"elementor-element elementor-element-ce0a14b jltma-glass-effect-no elementor-widget elementor-widget-text-editor\" data-id=\"ce0a14b\" data-element_type=\"widget\" data-widget_type=\"text-editor.default\">\n\t\t\t\t<div class=\"elementor-widget-container\">\n\t\t\t\t\t\t\t<ul>\n<li>En <strong>2006<\/strong>, se publica <a href=\"https:\/\/www.sciencedirect.com\/science\/article\/abs\/pii\/S0889159106003369?via%3Dihub\" target=\"_blank\" rel=\"noopener\"><span style=\"color: #0274be;\">el art\u00edculo clave<\/span><\/a> que demuestra que la terapia activa dirigida contra la MG funciona no s\u00f3lo en el laboratorio en modelos de rata, sino tambi\u00e9n en la miastenia gravis de aparici\u00f3n natural en perros de compa\u00f1\u00eda, y se registra la patente de la terapia activa dirigida contra la MG.<\/li>\n<\/ul>\n\t\t\t\t\t\t<\/div>\n\t\t\t\t<\/div>\n\t\t\t\t<div class=\"elementor-element elementor-element-64f28ed jltma-glass-effect-no elementor-widget elementor-widget-text-editor\" data-id=\"64f28ed\" data-element_type=\"widget\" data-widget_type=\"text-editor.default\">\n\t\t\t\t<div class=\"elementor-widget-container\">\n\t\t\t\t\t\t\t<ul>\n<li>\n<p><span data-contrast=\"auto\">En <strong>2007<\/strong>, <a href=\"http:\/\/www.curavac.com\/team\/\">Nicolas Havelange<\/a> se uni\u00f3 a CuraVac y, juntos, \u00e9l y el Dr. Huberty han sacado esta t\u00e9cnica de producci\u00f3n de Terapia Activa Dirigida del laboratorio para llevarla a los pacientes.<\/span><span data-ccp-props=\"{\"> <\/span><\/p>\n<\/li>\n<\/ul>\n\t\t\t\t\t\t<\/div>\n\t\t\t\t<\/div>\n\t\t\t\t<div class=\"elementor-element elementor-element-48945dc jltma-glass-effect-no elementor-widget elementor-widget-text-editor\" data-id=\"48945dc\" data-element_type=\"widget\" data-widget_type=\"text-editor.default\">\n\t\t\t\t<div class=\"elementor-widget-container\">\n\t\t\t\t\t\t\t<ul>\n<li>En <strong>2009<\/strong>, la formulaci\u00f3n humana de la Terepia Activa Dirigida contra la MG se fabrica siguiendo las directrices GLP y GMP.<br \/>Un equipo de expertos independientes de los 27 estados miembros europeos concedi\u00f3 a la terap\u00e9utica activa contra la miastenia gravis, nuestra primera terapia de este tipo,<span style=\"text-decoration: underline;\"><a href=\"https:\/\/www.ema.europa.eu\/en\/documents\/orphan-designation\/eu\/3\/09\/689-public-summary-positive-opinion-orphan-designation-peptides-mimicking-antigen-receptors_en.pdf\" target=\"_blank\" rel=\"noopener\"><span style=\"color: #0274be; text-decoration: underline;\">la designaci\u00f3n de medicamento hu\u00e9rfano en Europa.<\/span><\/a><\/span><\/li>\n<\/ul>\n\t\t\t\t\t\t<\/div>\n\t\t\t\t<\/div>\n\t\t\t\t<div class=\"elementor-element elementor-element-312d463 jltma-glass-effect-no elementor-widget elementor-widget-text-editor\" data-id=\"312d463\" data-element_type=\"widget\" data-widget_type=\"text-editor.default\">\n\t\t\t\t<div class=\"elementor-widget-container\">\n\t\t\t\t\t\t\t<ul>\n<li>En <strong>2011<\/strong>, la vacuna terap\u00e9utica contra la MG obtuvo <span style=\"text-decoration: underline;\"><a href=\"https:\/\/www.accessdata.fda.gov\/scripts\/opdlisting\/oopd\/detailedIndex.cfm?cfgridkey=332610\" target=\"_blank\" rel=\"noopener\"><span style=\"color: #0274be; text-decoration: underline;\">la Designaci\u00f3n de Medicamento Hu\u00e9rfano en EE.UU. por la FDA.<\/span><\/a><\/span><\/li>\n<\/ul>\n\t\t\t\t\t\t<\/div>\n\t\t\t\t<\/div>\n\t\t\t\t<div class=\"elementor-element elementor-element-bec9d58 jltma-glass-effect-no elementor-widget elementor-widget-text-editor\" data-id=\"bec9d58\" data-element_type=\"widget\" data-widget_type=\"text-editor.default\">\n\t\t\t\t<div class=\"elementor-widget-container\">\n\t\t\t\t\t\t\t<ul>\n<li>\n<p>En <strong>2013<\/strong>, tras una convocatoria de propuestas a la que respondieron todos los mejores proyectos de medicina del mundo, el proyecto de CuraVac para una terapia activa dirigida contra la MG fue uno de los 7 proyectos de terap\u00e9utica imunologica seleccionados por un Comit\u00e9 de Jurado Independiente de los mejores expertos mundiales.<\/p>\n<p><span data-contrast=\"auto\">CuraVac cre\u00f3 entonces un consorcio europeo de cuatro empresas y un Centro M\u00e9dico Universitario que recibi\u00f3 el apoyo del 7PM 2013 Innovaci\u00f3n en Salud para llevar a cabo ensayos cl\u00ednicos de la terapia activa dirigida contra la MG: <a href=\"http:\/\/www.curavac.com\/myasterix\/\">MYASTERIX.<\/a><\/span><span data-ccp-props=\"{\"> <\/span><\/p>\n<\/li>\n<\/ul>\n\t\t\t\t\t\t<\/div>\n\t\t\t\t<\/div>\n\t\t\t\t<div class=\"elementor-element elementor-element-a5553db jltma-glass-effect-no elementor-widget elementor-widget-text-editor\" data-id=\"a5553db\" data-element_type=\"widget\" data-widget_type=\"text-editor.default\">\n\t\t\t\t<div class=\"elementor-widget-container\">\n\t\t\t\t\t\t\t<p>Tras una autorizaci\u00f3n de ensayo cl\u00ednico recibida en noviembre de <strong>2015<\/strong>, 24 pacientes recibieron tres inyecciones de la terapia activa dirigida MG en un <span style=\"text-decoration: underline;\"><a href=\"https:\/\/clinicaltrials.gov\/ct2\/show\/NCT02609022\" target=\"_blank\" rel=\"noopener\"><span style=\"color: #0274be; text-decoration: underline;\">ensayo cl\u00ednico de fase 1B<\/span><\/a><\/span> que tuvo lugar en el hospital universitario de Amberes (UZA) en B\u00e9lgica. Los resultados preliminares se comunicaron en mayo de 2017 en la 13\u00aa Conferencia Internacional sobre Miastenia Gravis y Trastornos Relacionados en la Academia de Ciencias de Nueva York.<\/p>\n\t\t\t\t\t\t<\/div>\n\t\t\t\t<\/div>\n\t\t\t\t<div class=\"elementor-element elementor-element-0228451 jltma-glass-effect-no elementor-widget elementor-widget-text-editor\" data-id=\"0228451\" data-element_type=\"widget\" data-widget_type=\"text-editor.default\">\n\t\t\t\t<div class=\"elementor-widget-container\">\n\t\t\t\t\t\t\t<p><span data-contrast=\"auto\">Los <span style=\"text-decoration: underline;\"><a href=\"https:\/\/www.curavac.com\/wp-content\/uploads\/2021\/11\/Communication_CV-0002_Results_EN.pdf\" target=\"_blank\" rel=\"noopener\"><span style=\"color: #0274be; text-decoration: underline;\">resultados finales de la fase 1B<\/span><\/a><\/span>, comunicados en junio de <strong>2018<\/strong>, demostraron un excelente perfil de seguridad y solicitaron un ensayo cl\u00ednico de eficacia de fase 2<\/span>con una formulaci\u00f3n m\u00e1s potente de la terapia activa dirigida contra la MG: CV-MG02.<\/p>\n\t\t\t\t\t\t<\/div>\n\t\t\t\t<\/div>\n\t\t\t\t\t<\/div>\n\t\t<\/div>\n\t\t\t\t<div class=\"has_ma_el_bg_slider elementor-column elementor-col-50 elementor-inner-column elementor-element elementor-element-d4465cd jltma-glass-effect-no\" data-id=\"d4465cd\" data-element_type=\"column\">\n\t\t\t<div class=\"elementor-widget-wrap\">\n\t\t\t\t\t\t\t\t\t<\/div>\n\t\t<\/div>\n\t\t\t\t\t\t\t<\/div>\n\t\t<\/section>\n\t\t\t\t\t<\/div>\n\t\t<\/div>\n\t\t\t\t\t\t\t<\/div>\n\t\t<\/section>\n\t\t\t\t\t\t\t<\/div>\n\t\t","protected":false},"excerpt":{"rendered":"<p>Nuestra historia CuraVac fue fundada en 2002 por el Dr. St\u00e9phane Huberty, un m\u00e9dico belga que padec\u00eda Miastenia Grave (MG). Poco despu\u00e9s, la empresa adquiri\u00f3 la patente del p\u00e9ptido complementario, recaud\u00f3 fondos y se organiz\u00f3 como sociedad de gesti\u00f3n en el centro de una red de colaboraciones y empresas subcontratadas. El descubridor original de la &hellip;<\/p>\n<p class=\"read-more\"> <a class=\"\" href=\"https:\/\/www.curavac.com\/es\/nuestra-historia\"> <span class=\"screen-reader-text\">Nuestra historia<\/span> Leer m\u00e1s &raquo;<\/a><\/p>\n","protected":false},"author":1,"featured_media":0,"parent":0,"menu_order":0,"comment_status":"closed","ping_status":"closed","template":"","meta":{"site-sidebar-layout":"no-sidebar","site-content-layout":"page-builder","ast-main-header-display":"","ast-hfb-above-header-display":"","ast-hfb-below-header-display":"","ast-hfb-mobile-header-display":"","site-post-title":"disabled","ast-breadcrumbs-content":"","ast-featured-img":"disabled","footer-sml-layout":"","theme-transparent-header-meta":"","adv-header-id-meta":"","stick-header-meta":"","header-above-stick-meta":"","header-main-stick-meta":"","header-below-stick-meta":"","footnotes":""},"class_list":["post-3495","page","type-page","status-publish","hentry"],"yoast_head":"<!-- This site is optimized with the Yoast SEO plugin v25.0 - https:\/\/yoast.com\/wordpress\/plugins\/seo\/ -->\n<title>Nuestra historia - CuraVac<\/title>\n<meta name=\"robots\" content=\"index, follow, max-snippet:-1, max-image-preview:large, max-video-preview:-1\" \/>\n<link rel=\"canonical\" href=\"https:\/\/www.curavac.com\/our-story\" \/>\n<meta property=\"og:locale\" content=\"es_ES\" \/>\n<meta property=\"og:type\" content=\"article\" \/>\n<meta property=\"og:title\" content=\"Nuestra historia - CuraVac\" \/>\n<meta property=\"og:description\" content=\"Nuestra historia CuraVac fue fundada en 2002 por el Dr. St\u00e9phane Huberty, un m\u00e9dico belga que padec\u00eda Miastenia Grave (MG). Poco despu\u00e9s, la empresa adquiri\u00f3 la patente del p\u00e9ptido complementario, recaud\u00f3 fondos y se organiz\u00f3 como sociedad de gesti\u00f3n en el centro de una red de colaboraciones y empresas subcontratadas. El descubridor original de la &hellip; Nuestra historia Leer m\u00e1s &raquo;\" \/>\n<meta property=\"og:url\" content=\"https:\/\/www.curavac.com\/our-story\" \/>\n<meta property=\"og:site_name\" content=\"CuraVac\" \/>\n<meta property=\"article:modified_time\" content=\"2025-03-17T19:13:12+00:00\" \/>\n<meta name=\"twitter:card\" content=\"summary_large_image\" \/>\n<meta name=\"twitter:label1\" content=\"Tiempo de lectura\" \/>\n\t<meta name=\"twitter:data1\" content=\"2 minutos\" \/>\n<script type=\"application\/ld+json\" class=\"yoast-schema-graph\">{\"@context\":\"https:\/\/schema.org\",\"@graph\":[{\"@type\":\"WebPage\",\"@id\":\"https:\/\/www.curavac.com\/our-story\",\"url\":\"https:\/\/www.curavac.com\/our-story\",\"name\":\"Nuestra historia - CuraVac\",\"isPartOf\":{\"@id\":\"https:\/\/www.curavac.com\/#website\"},\"datePublished\":\"2021-11-25T14:50:31+00:00\",\"dateModified\":\"2025-03-17T19:13:12+00:00\",\"breadcrumb\":{\"@id\":\"https:\/\/www.curavac.com\/our-story#breadcrumb\"},\"inLanguage\":\"es\",\"potentialAction\":[{\"@type\":\"ReadAction\",\"target\":[\"https:\/\/www.curavac.com\/our-story\"]}]},{\"@type\":\"BreadcrumbList\",\"@id\":\"https:\/\/www.curavac.com\/our-story#breadcrumb\",\"itemListElement\":[{\"@type\":\"ListItem\",\"position\":1,\"name\":\"Home\",\"item\":\"https:\/\/www.curavac.com\/es\"},{\"@type\":\"ListItem\",\"position\":2,\"name\":\"Nuestra historia\"}]},{\"@type\":\"WebSite\",\"@id\":\"https:\/\/www.curavac.com\/#website\",\"url\":\"https:\/\/www.curavac.com\/\",\"name\":\"CuraVac\",\"description\":\"Targeted Active Therapy for Autoimmune Diseases\",\"publisher\":{\"@id\":\"https:\/\/www.curavac.com\/#organization\"},\"potentialAction\":[{\"@type\":\"SearchAction\",\"target\":{\"@type\":\"EntryPoint\",\"urlTemplate\":\"https:\/\/www.curavac.com\/?s={search_term_string}\"},\"query-input\":{\"@type\":\"PropertyValueSpecification\",\"valueRequired\":true,\"valueName\":\"search_term_string\"}}],\"inLanguage\":\"es\"},{\"@type\":\"Organization\",\"@id\":\"https:\/\/www.curavac.com\/#organization\",\"name\":\"CuraVac\",\"url\":\"https:\/\/www.curavac.com\/\",\"logo\":{\"@type\":\"ImageObject\",\"inLanguage\":\"es\",\"@id\":\"https:\/\/www.curavac.com\/#\/schema\/logo\/image\/\",\"url\":\"https:\/\/www.curavac.com\/wp-content\/uploads\/2025\/04\/cropped-cropped-Taransparant-4.png\",\"contentUrl\":\"https:\/\/www.curavac.com\/wp-content\/uploads\/2025\/04\/cropped-cropped-Taransparant-4.png\",\"width\":1215,\"height\":331,\"caption\":\"CuraVac\"},\"image\":{\"@id\":\"https:\/\/www.curavac.com\/#\/schema\/logo\/image\/\"}}]}<\/script>\n<!-- \/ Yoast SEO plugin. -->","yoast_head_json":{"title":"Nuestra historia - CuraVac","robots":{"index":"index","follow":"follow","max-snippet":"max-snippet:-1","max-image-preview":"max-image-preview:large","max-video-preview":"max-video-preview:-1"},"canonical":"https:\/\/www.curavac.com\/our-story","og_locale":"es_ES","og_type":"article","og_title":"Nuestra historia - CuraVac","og_description":"Nuestra historia CuraVac fue fundada en 2002 por el Dr. St\u00e9phane Huberty, un m\u00e9dico belga que padec\u00eda Miastenia Grave (MG). Poco despu\u00e9s, la empresa adquiri\u00f3 la patente del p\u00e9ptido complementario, recaud\u00f3 fondos y se organiz\u00f3 como sociedad de gesti\u00f3n en el centro de una red de colaboraciones y empresas subcontratadas. El descubridor original de la &hellip; Nuestra historia Leer m\u00e1s &raquo;","og_url":"https:\/\/www.curavac.com\/our-story","og_site_name":"CuraVac","article_modified_time":"2025-03-17T19:13:12+00:00","twitter_card":"summary_large_image","twitter_misc":{"Tiempo de lectura":"2 minutos"},"schema":{"@context":"https:\/\/schema.org","@graph":[{"@type":"WebPage","@id":"https:\/\/www.curavac.com\/our-story","url":"https:\/\/www.curavac.com\/our-story","name":"Nuestra historia - CuraVac","isPartOf":{"@id":"https:\/\/www.curavac.com\/#website"},"datePublished":"2021-11-25T14:50:31+00:00","dateModified":"2025-03-17T19:13:12+00:00","breadcrumb":{"@id":"https:\/\/www.curavac.com\/our-story#breadcrumb"},"inLanguage":"es","potentialAction":[{"@type":"ReadAction","target":["https:\/\/www.curavac.com\/our-story"]}]},{"@type":"BreadcrumbList","@id":"https:\/\/www.curavac.com\/our-story#breadcrumb","itemListElement":[{"@type":"ListItem","position":1,"name":"Home","item":"https:\/\/www.curavac.com\/es"},{"@type":"ListItem","position":2,"name":"Nuestra historia"}]},{"@type":"WebSite","@id":"https:\/\/www.curavac.com\/#website","url":"https:\/\/www.curavac.com\/","name":"CuraVac","description":"Targeted Active Therapy for Autoimmune Diseases","publisher":{"@id":"https:\/\/www.curavac.com\/#organization"},"potentialAction":[{"@type":"SearchAction","target":{"@type":"EntryPoint","urlTemplate":"https:\/\/www.curavac.com\/?s={search_term_string}"},"query-input":{"@type":"PropertyValueSpecification","valueRequired":true,"valueName":"search_term_string"}}],"inLanguage":"es"},{"@type":"Organization","@id":"https:\/\/www.curavac.com\/#organization","name":"CuraVac","url":"https:\/\/www.curavac.com\/","logo":{"@type":"ImageObject","inLanguage":"es","@id":"https:\/\/www.curavac.com\/#\/schema\/logo\/image\/","url":"https:\/\/www.curavac.com\/wp-content\/uploads\/2025\/04\/cropped-cropped-Taransparant-4.png","contentUrl":"https:\/\/www.curavac.com\/wp-content\/uploads\/2025\/04\/cropped-cropped-Taransparant-4.png","width":1215,"height":331,"caption":"CuraVac"},"image":{"@id":"https:\/\/www.curavac.com\/#\/schema\/logo\/image\/"}}]}},"_links":{"self":[{"href":"https:\/\/www.curavac.com\/es\/wp-json\/wp\/v2\/pages\/3495","targetHints":{"allow":["GET"]}}],"collection":[{"href":"https:\/\/www.curavac.com\/es\/wp-json\/wp\/v2\/pages"}],"about":[{"href":"https:\/\/www.curavac.com\/es\/wp-json\/wp\/v2\/types\/page"}],"author":[{"embeddable":true,"href":"https:\/\/www.curavac.com\/es\/wp-json\/wp\/v2\/users\/1"}],"replies":[{"embeddable":true,"href":"https:\/\/www.curavac.com\/es\/wp-json\/wp\/v2\/comments?post=3495"}],"version-history":[{"count":9,"href":"https:\/\/www.curavac.com\/es\/wp-json\/wp\/v2\/pages\/3495\/revisions"}],"predecessor-version":[{"id":4524,"href":"https:\/\/www.curavac.com\/es\/wp-json\/wp\/v2\/pages\/3495\/revisions\/4524"}],"wp:attachment":[{"href":"https:\/\/www.curavac.com\/es\/wp-json\/wp\/v2\/media?parent=3495"}],"curies":[{"name":"wp","href":"https:\/\/api.w.org\/{rel}","templated":true}]}}