{"id":3435,"date":"2021-11-18T12:49:20","date_gmt":"2021-11-18T11:49:20","guid":{"rendered":"https:\/\/www.curavac.com\/enfermedades-autoinmunes"},"modified":"2025-04-16T13:06:42","modified_gmt":"2025-04-16T11:06:42","slug":"enfermedades-autoinmunes","status":"publish","type":"page","link":"https:\/\/www.curavac.com\/es\/enfermedades-autoinmunes","title":{"rendered":"Enfermedades autoinmunes"},"content":{"rendered":"<h2>Enfermedades autoinmunes<\/h2>\n<p><strong>Las enfermedades autoinmunes <\/strong>\u00a0son afecciones en las que el sistema inmunitario se vuelve err\u00f3neamente contra partes del cuerpo como si fueran c\u00e9lulas extra\u00f1as da\u00f1inas. En respuesta a un desencadenante desconocido que puede ser de naturaleza medioambiental o gen\u00e9tica, el sistema inmunitario comienza a producir anticuerpos que, en lugar de combatir las infecciones, atacan los propios tejidos del organismo.<\/p>\n<p>Hay muchas enfermedades autoinmunes, alrededor de 80, con s\u00edntomas que van de leves a incapacitantes dependiendo de qu\u00e9 parte del cuerpo est\u00e9 afectada y en qu\u00e9 grado. Se calcula que entre el 5% y el 8% de la poblaci\u00f3n mundial padece actualmente una enfermedad autoinmune. Entre las m\u00e1s prevalentes se encuentran la <strong>enfermedad de Graves<\/strong>, <strong>la enfermedad de Hashimoto<\/strong>, <strong>la diabetes de tipo 1<\/strong>, <strong>la esclerosis m\u00faltiple<\/strong> <strong>(EM), el lupus sist\u00e9mico<\/strong> y <strong>la miastenia grave<\/strong> (MG).<\/p>\n<h2>Enfermedades autoinmunes &#8211; N\u00famero de casos en EE.UU.<\/h2>\n<p>Enfermedad de Grave<br \/>\n2,064,600<br \/>\nEnfermedad de Hashimoto<br \/>\n1,731,600<br \/>\nDiabetes tipo 1<br \/>\n865,800<br \/>\nEsclerosis m\u00faltiple<br \/>\n799,200<br \/>\nLupus sist\u00e9mico<br \/>\n233,100<br \/>\nMiastenia Grave<br \/>\n66,600<\/p>\n<p><strong>CuraVac<\/strong> est\u00e1 centrando prioritariamente su investigaci\u00f3n en <strong>una Terapia Activa Dirigida para la \u00a0<\/strong><strong>Miastenia Gravi<\/strong><strong>s<\/strong>, una enfermedad autoinmune rara aunque no excepcional que afecta aproximadamente a una de cada cinco a siete mil personas por el mundo. A pesar de no ser la m\u00e1s prevalente, la patolog\u00eda de la MG se conoce muy bien y es un \u00a0excelente modelo de desarrollo para otras Terapias Activas Dirigidas para enfermedades autoinmunes.<\/p>\n<p>En la actualidad, los tratamientos para las enfermedades autoinmunes suelen requerir una fuerte medicaci\u00f3n o procedimientos quir\u00fargicos invasivos, a menudo acompa\u00f1ados de numerosos efectos secundarios. La mayor\u00eda de las veces, estos tratamientos s\u00f3lo pueden reducir algunos de los s\u00edntomas o ralentizar la progresi\u00f3n de la enfermedad.<\/p>\n<p>El \u00e9xito de la \u00a0primera Terapia Activa Dirigida de CuraVac constituye un avance <strong>potencial<\/strong> en el campo autoinmune y podr\u00eda abrir la puerta a un nuevo tipo de tratamiento que posiblemente ofrezca una mejora duradera aportando una cura potencial a los pacientes.<\/p>\n<p>Los resultados finales\u00a0<a style=\"color: #0274be;\" href=\"https:\/\/www.curavac.com\/wp-content\/uploads\/2021\/11\/Communication_CV-0002_Results_EN.pdf\" target=\"_blank\" rel=\"noopener\">de nuestro ensayo cl\u00ednico de fase 1B<\/a> demostraron un \u00a0excelente perfil de seguridad abogando por un ensayo cl\u00ednico de eficacia de fase 2 que estamos preparando actualmente con una formulaci\u00f3n m\u00e1s potente de la Terapia Activa Dirigida MG: \u00a0CV-MG02.<\/p>\n","protected":false},"excerpt":{"rendered":"<p>Enfermedades autoinmunes Las enfermedades autoinmunes \u00a0son afecciones en las que el sistema inmunitario se vuelve err\u00f3neamente contra partes del cuerpo como si fueran c\u00e9lulas extra\u00f1as da\u00f1inas. En respuesta a un desencadenante desconocido que puede ser de naturaleza medioambiental o gen\u00e9tica, el sistema inmunitario comienza a producir anticuerpos que, en lugar de combatir las infecciones, atacan &hellip;<\/p>\n<p class=\"read-more\"> <a class=\"\" href=\"https:\/\/www.curavac.com\/es\/enfermedades-autoinmunes\"> <span class=\"screen-reader-text\">Enfermedades autoinmunes<\/span> Leer m\u00e1s &raquo;<\/a><\/p>\n","protected":false},"author":1,"featured_media":0,"parent":0,"menu_order":0,"comment_status":"closed","ping_status":"closed","template":"","meta":{"site-sidebar-layout":"no-sidebar","site-content-layout":"page-builder","ast-main-header-display":"","ast-hfb-above-header-display":"","ast-hfb-below-header-display":"","ast-hfb-mobile-header-display":"","site-post-title":"disabled","ast-breadcrumbs-content":"","ast-featured-img":"disabled","footer-sml-layout":"","theme-transparent-header-meta":"","adv-header-id-meta":"","stick-header-meta":"","header-above-stick-meta":"","header-main-stick-meta":"","header-below-stick-meta":"","footnotes":""},"class_list":["post-3435","page","type-page","status-publish","hentry"],"yoast_head":"<!-- This site is optimized with the Yoast SEO plugin v25.0 - https:\/\/yoast.com\/wordpress\/plugins\/seo\/ -->\n<title>Enfermedades autoinmunes - CuraVac<\/title>\n<meta name=\"robots\" content=\"index, follow, max-snippet:-1, max-image-preview:large, max-video-preview:-1\" \/>\n<link rel=\"canonical\" href=\"https:\/\/www.curavac.com\/autoimmune-diseases\" \/>\n<meta property=\"og:locale\" content=\"es_ES\" \/>\n<meta property=\"og:type\" content=\"article\" \/>\n<meta property=\"og:title\" content=\"Enfermedades autoinmunes - CuraVac\" \/>\n<meta property=\"og:description\" content=\"Enfermedades autoinmunes Las enfermedades autoinmunes \u00a0son afecciones en las que el sistema inmunitario se vuelve err\u00f3neamente contra partes del cuerpo como si fueran c\u00e9lulas extra\u00f1as da\u00f1inas. En respuesta a un desencadenante desconocido que puede ser de naturaleza medioambiental o gen\u00e9tica, el sistema inmunitario comienza a producir anticuerpos que, en lugar de combatir las infecciones, atacan &hellip; Enfermedades autoinmunes Leer m\u00e1s &raquo;\" \/>\n<meta property=\"og:url\" content=\"https:\/\/www.curavac.com\/autoimmune-diseases\" \/>\n<meta property=\"og:site_name\" content=\"CuraVac\" \/>\n<meta property=\"article:modified_time\" content=\"2025-04-16T11:06:42+00:00\" \/>\n<meta name=\"twitter:card\" content=\"summary_large_image\" \/>\n<meta name=\"twitter:label1\" content=\"Tiempo de lectura\" \/>\n\t<meta name=\"twitter:data1\" content=\"2 minutos\" \/>\n<script type=\"application\/ld+json\" class=\"yoast-schema-graph\">{\"@context\":\"https:\/\/schema.org\",\"@graph\":[{\"@type\":\"WebPage\",\"@id\":\"https:\/\/www.curavac.com\/autoimmune-diseases\",\"url\":\"https:\/\/www.curavac.com\/autoimmune-diseases\",\"name\":\"Enfermedades autoinmunes - CuraVac\",\"isPartOf\":{\"@id\":\"https:\/\/www.curavac.com\/#website\"},\"datePublished\":\"2021-11-18T11:49:20+00:00\",\"dateModified\":\"2025-04-16T11:06:42+00:00\",\"breadcrumb\":{\"@id\":\"https:\/\/www.curavac.com\/autoimmune-diseases#breadcrumb\"},\"inLanguage\":\"es\",\"potentialAction\":[{\"@type\":\"ReadAction\",\"target\":[\"https:\/\/www.curavac.com\/autoimmune-diseases\"]}]},{\"@type\":\"BreadcrumbList\",\"@id\":\"https:\/\/www.curavac.com\/autoimmune-diseases#breadcrumb\",\"itemListElement\":[{\"@type\":\"ListItem\",\"position\":1,\"name\":\"Home\",\"item\":\"https:\/\/www.curavac.com\/es\"},{\"@type\":\"ListItem\",\"position\":2,\"name\":\"Enfermedades autoinmunes\"}]},{\"@type\":\"WebSite\",\"@id\":\"https:\/\/www.curavac.com\/#website\",\"url\":\"https:\/\/www.curavac.com\/\",\"name\":\"CuraVac\",\"description\":\"Targeted Active Therapy for Autoimmune Diseases\",\"publisher\":{\"@id\":\"https:\/\/www.curavac.com\/#organization\"},\"potentialAction\":[{\"@type\":\"SearchAction\",\"target\":{\"@type\":\"EntryPoint\",\"urlTemplate\":\"https:\/\/www.curavac.com\/?s={search_term_string}\"},\"query-input\":{\"@type\":\"PropertyValueSpecification\",\"valueRequired\":true,\"valueName\":\"search_term_string\"}}],\"inLanguage\":\"es\"},{\"@type\":\"Organization\",\"@id\":\"https:\/\/www.curavac.com\/#organization\",\"name\":\"CuraVac\",\"url\":\"https:\/\/www.curavac.com\/\",\"logo\":{\"@type\":\"ImageObject\",\"inLanguage\":\"es\",\"@id\":\"https:\/\/www.curavac.com\/#\/schema\/logo\/image\/\",\"url\":\"https:\/\/www.curavac.com\/wp-content\/uploads\/2025\/04\/cropped-cropped-Taransparant-4.png\",\"contentUrl\":\"https:\/\/www.curavac.com\/wp-content\/uploads\/2025\/04\/cropped-cropped-Taransparant-4.png\",\"width\":1215,\"height\":331,\"caption\":\"CuraVac\"},\"image\":{\"@id\":\"https:\/\/www.curavac.com\/#\/schema\/logo\/image\/\"}}]}<\/script>\n<!-- \/ Yoast SEO plugin. -->","yoast_head_json":{"title":"Enfermedades autoinmunes - CuraVac","robots":{"index":"index","follow":"follow","max-snippet":"max-snippet:-1","max-image-preview":"max-image-preview:large","max-video-preview":"max-video-preview:-1"},"canonical":"https:\/\/www.curavac.com\/autoimmune-diseases","og_locale":"es_ES","og_type":"article","og_title":"Enfermedades autoinmunes - CuraVac","og_description":"Enfermedades autoinmunes Las enfermedades autoinmunes \u00a0son afecciones en las que el sistema inmunitario se vuelve err\u00f3neamente contra partes del cuerpo como si fueran c\u00e9lulas extra\u00f1as da\u00f1inas. En respuesta a un desencadenante desconocido que puede ser de naturaleza medioambiental o gen\u00e9tica, el sistema inmunitario comienza a producir anticuerpos que, en lugar de combatir las infecciones, atacan &hellip; Enfermedades autoinmunes Leer m\u00e1s &raquo;","og_url":"https:\/\/www.curavac.com\/autoimmune-diseases","og_site_name":"CuraVac","article_modified_time":"2025-04-16T11:06:42+00:00","twitter_card":"summary_large_image","twitter_misc":{"Tiempo de lectura":"2 minutos"},"schema":{"@context":"https:\/\/schema.org","@graph":[{"@type":"WebPage","@id":"https:\/\/www.curavac.com\/autoimmune-diseases","url":"https:\/\/www.curavac.com\/autoimmune-diseases","name":"Enfermedades autoinmunes - CuraVac","isPartOf":{"@id":"https:\/\/www.curavac.com\/#website"},"datePublished":"2021-11-18T11:49:20+00:00","dateModified":"2025-04-16T11:06:42+00:00","breadcrumb":{"@id":"https:\/\/www.curavac.com\/autoimmune-diseases#breadcrumb"},"inLanguage":"es","potentialAction":[{"@type":"ReadAction","target":["https:\/\/www.curavac.com\/autoimmune-diseases"]}]},{"@type":"BreadcrumbList","@id":"https:\/\/www.curavac.com\/autoimmune-diseases#breadcrumb","itemListElement":[{"@type":"ListItem","position":1,"name":"Home","item":"https:\/\/www.curavac.com\/es"},{"@type":"ListItem","position":2,"name":"Enfermedades autoinmunes"}]},{"@type":"WebSite","@id":"https:\/\/www.curavac.com\/#website","url":"https:\/\/www.curavac.com\/","name":"CuraVac","description":"Targeted Active Therapy for Autoimmune Diseases","publisher":{"@id":"https:\/\/www.curavac.com\/#organization"},"potentialAction":[{"@type":"SearchAction","target":{"@type":"EntryPoint","urlTemplate":"https:\/\/www.curavac.com\/?s={search_term_string}"},"query-input":{"@type":"PropertyValueSpecification","valueRequired":true,"valueName":"search_term_string"}}],"inLanguage":"es"},{"@type":"Organization","@id":"https:\/\/www.curavac.com\/#organization","name":"CuraVac","url":"https:\/\/www.curavac.com\/","logo":{"@type":"ImageObject","inLanguage":"es","@id":"https:\/\/www.curavac.com\/#\/schema\/logo\/image\/","url":"https:\/\/www.curavac.com\/wp-content\/uploads\/2025\/04\/cropped-cropped-Taransparant-4.png","contentUrl":"https:\/\/www.curavac.com\/wp-content\/uploads\/2025\/04\/cropped-cropped-Taransparant-4.png","width":1215,"height":331,"caption":"CuraVac"},"image":{"@id":"https:\/\/www.curavac.com\/#\/schema\/logo\/image\/"}}]}},"_links":{"self":[{"href":"https:\/\/www.curavac.com\/es\/wp-json\/wp\/v2\/pages\/3435","targetHints":{"allow":["GET"]}}],"collection":[{"href":"https:\/\/www.curavac.com\/es\/wp-json\/wp\/v2\/pages"}],"about":[{"href":"https:\/\/www.curavac.com\/es\/wp-json\/wp\/v2\/types\/page"}],"author":[{"embeddable":true,"href":"https:\/\/www.curavac.com\/es\/wp-json\/wp\/v2\/users\/1"}],"replies":[{"embeddable":true,"href":"https:\/\/www.curavac.com\/es\/wp-json\/wp\/v2\/comments?post=3435"}],"version-history":[{"count":1,"href":"https:\/\/www.curavac.com\/es\/wp-json\/wp\/v2\/pages\/3435\/revisions"}],"predecessor-version":[{"id":4764,"href":"https:\/\/www.curavac.com\/es\/wp-json\/wp\/v2\/pages\/3435\/revisions\/4764"}],"wp:attachment":[{"href":"https:\/\/www.curavac.com\/es\/wp-json\/wp\/v2\/media?parent=3435"}],"curies":[{"name":"wp","href":"https:\/\/api.w.org\/{rel}","templated":true}]}}