{"id":3433,"date":"2021-11-25T11:33:48","date_gmt":"2021-11-25T10:33:48","guid":{"rendered":"https:\/\/www.curavac.com\/la-ciencia"},"modified":"2025-04-16T13:02:32","modified_gmt":"2025-04-16T11:02:32","slug":"la-ciencia","status":"publish","type":"page","link":"https:\/\/www.curavac.com\/es\/la-ciencia","title":{"rendered":"La ciencia"},"content":{"rendered":"\t\t<div data-elementor-type=\"wp-page\" data-elementor-id=\"3433\" class=\"elementor elementor-3433 elementor-1057\">\n\t\t\t\t\t\t\t\t\t<section class=\"has_ma_el_bg_slider elementor-section elementor-top-section elementor-element elementor-element-3dd20e7 elementor-section-boxed elementor-section-height-default elementor-section-height-default jltma-glass-effect-no\" data-id=\"3dd20e7\" data-element_type=\"section\">\n\t\t\t\t\t\t<div class=\"elementor-container elementor-column-gap-default\">\n\t\t\t\t\t<div class=\"has_ma_el_bg_slider elementor-column elementor-col-100 elementor-top-column elementor-element elementor-element-641250a jltma-glass-effect-no\" data-id=\"641250a\" data-element_type=\"column\">\n\t\t\t<div class=\"elementor-widget-wrap elementor-element-populated\">\n\t\t\t\t\t\t\t\t<div class=\"elementor-element elementor-element-011a07f jltma-glass-effect-no elementor-widget elementor-widget-spacer\" data-id=\"011a07f\" data-element_type=\"widget\" data-widget_type=\"spacer.default\">\n\t\t\t\t<div class=\"elementor-widget-container\">\n\t\t\t<style>\/*! elementor - v3.6.8 - 27-07-2022 *\/\n.e-container.e-container--row .elementor-spacer-inner{width:var(--spacer-size)}.e-container.e-container--column .elementor-spacer-inner,.elementor-column .elementor-spacer-inner{height:var(--spacer-size)}<\/style>\t\t<div class=\"elementor-spacer\">\n\t\t\t<div class=\"elementor-spacer-inner\"><\/div>\n\t\t<\/div>\n\t\t\t\t<\/div>\n\t\t\t\t<\/div>\n\t\t\t\t<div class=\"elementor-element elementor-element-2e2ebce jltma-glass-effect-no elementor-widget elementor-widget-heading\" data-id=\"2e2ebce\" data-element_type=\"widget\" data-widget_type=\"heading.default\">\n\t\t\t\t<div class=\"elementor-widget-container\">\n\t\t\t<style>\/*! elementor - v3.6.8 - 27-07-2022 *\/\n.elementor-heading-title{padding:0;margin:0;line-height:1}.elementor-widget-heading .elementor-heading-title[class*=elementor-size-]>a{color:inherit;font-size:inherit;line-height:inherit}.elementor-widget-heading .elementor-heading-title.elementor-size-small{font-size:15px}.elementor-widget-heading .elementor-heading-title.elementor-size-medium{font-size:19px}.elementor-widget-heading .elementor-heading-title.elementor-size-large{font-size:29px}.elementor-widget-heading .elementor-heading-title.elementor-size-xl{font-size:39px}.elementor-widget-heading .elementor-heading-title.elementor-size-xxl{font-size:59px}<\/style><h2 class=\"elementor-heading-title elementor-size-default\">La ciencia detr\u00e1s de CuraVac<\/h2>\t\t<\/div>\n\t\t\t\t<\/div>\n\t\t\t\t<div class=\"elementor-element elementor-element-fbdee94 jltma-glass-effect-no elementor-widget elementor-widget-spacer\" data-id=\"fbdee94\" data-element_type=\"widget\" data-widget_type=\"spacer.default\">\n\t\t\t\t<div class=\"elementor-widget-container\">\n\t\t\t\t\t<div class=\"elementor-spacer\">\n\t\t\t<div class=\"elementor-spacer-inner\"><\/div>\n\t\t<\/div>\n\t\t\t\t<\/div>\n\t\t\t\t<\/div>\n\t\t\t\t<section class=\"has_ma_el_bg_slider elementor-section elementor-inner-section elementor-element elementor-element-43dd32d elementor-section-boxed elementor-section-height-default elementor-section-height-default jltma-glass-effect-no\" data-id=\"43dd32d\" data-element_type=\"section\">\n\t\t\t\t\t\t<div class=\"elementor-container elementor-column-gap-extended\">\n\t\t\t\t\t<div class=\"has_ma_el_bg_slider elementor-column elementor-col-50 elementor-inner-column elementor-element elementor-element-baec323 jltma-glass-effect-no\" data-id=\"baec323\" data-element_type=\"column\">\n\t\t\t<div class=\"elementor-widget-wrap elementor-element-populated\">\n\t\t\t\t\t\t\t\t<div class=\"elementor-element elementor-element-4ffb29b jltma-glass-effect-no elementor-widget elementor-widget-text-editor\" data-id=\"4ffb29b\" data-element_type=\"widget\" data-widget_type=\"text-editor.default\">\n\t\t\t\t<div class=\"elementor-widget-container\">\n\t\t\t<style>\/*! elementor - v3.6.8 - 27-07-2022 *\/\n.elementor-widget-text-editor.elementor-drop-cap-view-stacked .elementor-drop-cap{background-color:#818a91;color:#fff}.elementor-widget-text-editor.elementor-drop-cap-view-framed .elementor-drop-cap{color:#818a91;border:3px solid;background-color:transparent}.elementor-widget-text-editor:not(.elementor-drop-cap-view-default) .elementor-drop-cap{margin-top:8px}.elementor-widget-text-editor:not(.elementor-drop-cap-view-default) .elementor-drop-cap-letter{width:1em;height:1em}.elementor-widget-text-editor .elementor-drop-cap{float:left;text-align:center;line-height:1;font-size:50px}.elementor-widget-text-editor .elementor-drop-cap-letter{display:inline-block}<\/style>\t\t\t\t<h6 style=\"text-align: center;\"><a href=\"https:\/\/www.curavac.com\/es\/enfermedades-autoinmunes\"><strong><span style=\"color: #003366;\">Enfermedades autoinmunes<\/span><\/strong><\/a><\/h6>\n\t\t\t\t\t\t<\/div>\n\t\t\t\t<\/div>\n\t\t\t\t<div class=\"elementor-element elementor-element-dbfaf73 jltma-glass-effect-no elementor-widget elementor-widget-spacer\" data-id=\"dbfaf73\" data-element_type=\"widget\" data-widget_type=\"spacer.default\">\n\t\t\t\t<div class=\"elementor-widget-container\">\n\t\t\t\t\t<div class=\"elementor-spacer\">\n\t\t\t<div class=\"elementor-spacer-inner\"><\/div>\n\t\t<\/div>\n\t\t\t\t<\/div>\n\t\t\t\t<\/div>\n\t\t\t\t<div class=\"elementor-element elementor-element-e1d6a30 jltma-glass-effect-no elementor-widget elementor-widget-text-editor\" data-id=\"e1d6a30\" data-element_type=\"widget\" data-widget_type=\"text-editor.default\">\n\t\t\t\t<div class=\"elementor-widget-container\">\n\t\t\t\t\t\t\t<p><strong>Las enfermedades autoinmunes<\/strong> son afecciones en las que el sistema inmunitario se vuelve err\u00f3neamente contra partes del cuerpo como si fueran c\u00e9lulas extra\u00f1as da\u00f1inas. En respuesta a un desencadenante desconocido que puede ser de naturaleza medioambiental o gen\u00e9tica, el sistema inmunitario comienza a producir anticuerpos que, en lugar de combatir las infecciones, atacan los propios tejidos del organismo.<\/p>\n\t\t\t\t\t\t<\/div>\n\t\t\t\t<\/div>\n\t\t\t\t\t<\/div>\n\t\t<\/div>\n\t\t\t\t<div class=\"has_ma_el_bg_slider elementor-column elementor-col-50 elementor-inner-column elementor-element elementor-element-296763a jltma-glass-effect-no\" data-id=\"296763a\" data-element_type=\"column\">\n\t\t\t<div class=\"elementor-widget-wrap elementor-element-populated\">\n\t\t\t\t\t\t\t\t<div class=\"elementor-element elementor-element-8f8ff08 jltma-glass-effect-no elementor-widget elementor-widget-text-editor\" data-id=\"8f8ff08\" data-element_type=\"widget\" data-widget_type=\"text-editor.default\">\n\t\t\t\t<div class=\"elementor-widget-container\">\n\t\t\t\t\t\t\t<h6 style=\"text-align: center;\"><a href=\"https:\/\/www.curavac.com\/es\/miastenia-grave\"><strong><span style=\"color: #003366;\">Miastenia Grave<\/span><\/strong><\/a><\/h6>\n\t\t\t\t\t\t<\/div>\n\t\t\t\t<\/div>\n\t\t\t\t<div class=\"elementor-element elementor-element-f61a85a jltma-glass-effect-no elementor-widget elementor-widget-spacer\" data-id=\"f61a85a\" data-element_type=\"widget\" data-widget_type=\"spacer.default\">\n\t\t\t\t<div class=\"elementor-widget-container\">\n\t\t\t\t\t<div class=\"elementor-spacer\">\n\t\t\t<div class=\"elementor-spacer-inner\"><\/div>\n\t\t<\/div>\n\t\t\t\t<\/div>\n\t\t\t\t<\/div>\n\t\t\t\t<div class=\"elementor-element elementor-element-e53d8d6 jltma-glass-effect-no elementor-widget elementor-widget-text-editor\" data-id=\"e53d8d6\" data-element_type=\"widget\" data-widget_type=\"text-editor.default\">\n\t\t\t\t<div class=\"elementor-widget-container\">\n\t\t\t\t\t\t\t<p><strong>La miastenia grave<\/strong> (MG) es una enfermedad autoinmune rara, pero no excepcional, que se diagnostica (Prevalencia) en una de cada siete mil (1,33\/10.000) a una de cada cinco mil (2\/10.000) personas de la poblaci\u00f3n. Se caracteriza por una fatiga muscular que conduce a una debilidad extrema. La fatiga est\u00e1 causada por la p\u00e9rdida de capacidad para convertir los impulsos nerviosos en contracci\u00f3n muscular.<\/p>\n\t\t\t\t\t\t<\/div>\n\t\t\t\t<\/div>\n\t\t\t\t\t<\/div>\n\t\t<\/div>\n\t\t\t\t\t\t\t<\/div>\n\t\t<\/section>\n\t\t\t\t<section class=\"has_ma_el_bg_slider elementor-section elementor-inner-section elementor-element elementor-element-185bb7b elementor-section-boxed elementor-section-height-default elementor-section-height-default jltma-glass-effect-no\" data-id=\"185bb7b\" data-element_type=\"section\">\n\t\t\t\t\t\t<div class=\"elementor-container elementor-column-gap-default\">\n\t\t\t\t\t<div class=\"has_ma_el_bg_slider elementor-column elementor-col-33 elementor-inner-column elementor-element elementor-element-73278a9 jltma-glass-effect-no\" data-id=\"73278a9\" data-element_type=\"column\">\n\t\t\t<div class=\"elementor-widget-wrap\">\n\t\t\t\t\t\t\t\t\t<\/div>\n\t\t<\/div>\n\t\t\t\t<div class=\"has_ma_el_bg_slider elementor-column elementor-col-33 elementor-inner-column elementor-element elementor-element-ffaee32 jltma-glass-effect-no\" data-id=\"ffaee32\" data-element_type=\"column\">\n\t\t\t<div class=\"elementor-widget-wrap elementor-element-populated\">\n\t\t\t\t\t\t\t\t<div class=\"elementor-element elementor-element-d7cdc0f jltma-glass-effect-no elementor-widget elementor-widget-text-editor\" data-id=\"d7cdc0f\" data-element_type=\"widget\" data-widget_type=\"text-editor.default\">\n\t\t\t\t<div class=\"elementor-widget-container\">\n\t\t\t\t\t\t\t<h6 style=\"text-align: center;\"><a href=\"https:\/\/www.curavac.com\/es\/publicaciones-cientificas\"><strong><span style=\"color: #003366;\">Publicaciones cient\u00edficas<\/span><\/strong><\/a><\/h6>\n\t\t\t\t\t\t<\/div>\n\t\t\t\t<\/div>\n\t\t\t\t<div class=\"elementor-element elementor-element-1349747 jltma-glass-effect-no elementor-widget elementor-widget-spacer\" data-id=\"1349747\" data-element_type=\"widget\" data-widget_type=\"spacer.default\">\n\t\t\t\t<div class=\"elementor-widget-container\">\n\t\t\t\t\t<div class=\"elementor-spacer\">\n\t\t\t<div class=\"elementor-spacer-inner\"><\/div>\n\t\t<\/div>\n\t\t\t\t<\/div>\n\t\t\t\t<\/div>\n\t\t\t\t<div class=\"elementor-element elementor-element-e448b10 jltma-glass-effect-no elementor-widget elementor-widget-text-editor\" data-id=\"e448b10\" data-element_type=\"widget\" data-widget_type=\"text-editor.default\">\n\t\t\t\t<div class=\"elementor-widget-container\">\n\t\t\t\t\t\t\t<p style=\"text-align: left;\">Enlaces a <strong>publicaciones cient\u00edficas<\/strong> en l\u00ednea con art\u00edculos directamente relacionados con nuestro trabajo sobre una terapias activas dirigidas para las enfermedades autoinmunes.<\/p>\t\t\t\t\t\t<\/div>\n\t\t\t\t<\/div>\n\t\t\t\t\t<\/div>\n\t\t<\/div>\n\t\t\t\t<div class=\"has_ma_el_bg_slider elementor-column elementor-col-33 elementor-inner-column elementor-element elementor-element-0aafb18 jltma-glass-effect-no\" data-id=\"0aafb18\" data-element_type=\"column\">\n\t\t\t<div class=\"elementor-widget-wrap\">\n\t\t\t\t\t\t\t\t\t<\/div>\n\t\t<\/div>\n\t\t\t\t\t\t\t<\/div>\n\t\t<\/section>\n\t\t\t\t\t<\/div>\n\t\t<\/div>\n\t\t\t\t\t\t\t<\/div>\n\t\t<\/section>\n\t\t\t\t\t\t\t<\/div>\n\t\t","protected":false},"excerpt":{"rendered":"<p>La ciencia detr\u00e1s de CuraVac Enfermedades autoinmunes Las enfermedades autoinmunes son afecciones en las que el sistema inmunitario se vuelve err\u00f3neamente contra partes del cuerpo como si fueran c\u00e9lulas extra\u00f1as da\u00f1inas. En respuesta a un desencadenante desconocido que puede ser de naturaleza medioambiental o gen\u00e9tica, el sistema inmunitario comienza a producir anticuerpos que, en lugar &hellip;<\/p>\n<p class=\"read-more\"> <a class=\"\" href=\"https:\/\/www.curavac.com\/es\/la-ciencia\"> <span class=\"screen-reader-text\">La ciencia<\/span> Leer m\u00e1s &raquo;<\/a><\/p>\n","protected":false},"author":1,"featured_media":0,"parent":0,"menu_order":0,"comment_status":"closed","ping_status":"closed","template":"","meta":{"site-sidebar-layout":"no-sidebar","site-content-layout":"page-builder","ast-main-header-display":"","ast-hfb-above-header-display":"","ast-hfb-below-header-display":"","ast-hfb-mobile-header-display":"","site-post-title":"disabled","ast-breadcrumbs-content":"","ast-featured-img":"disabled","footer-sml-layout":"","theme-transparent-header-meta":"","adv-header-id-meta":"","stick-header-meta":"","header-above-stick-meta":"","header-main-stick-meta":"","header-below-stick-meta":"","footnotes":""},"class_list":["post-3433","page","type-page","status-publish","hentry"],"yoast_head":"<!-- This site is optimized with the Yoast SEO plugin v25.0 - https:\/\/yoast.com\/wordpress\/plugins\/seo\/ -->\n<title>La ciencia - CuraVac<\/title>\n<meta name=\"robots\" content=\"index, follow, max-snippet:-1, max-image-preview:large, max-video-preview:-1\" \/>\n<link rel=\"canonical\" href=\"https:\/\/www.curavac.com\/science-2\" \/>\n<meta property=\"og:locale\" content=\"es_ES\" \/>\n<meta property=\"og:type\" content=\"article\" \/>\n<meta property=\"og:title\" content=\"La ciencia - CuraVac\" \/>\n<meta property=\"og:description\" content=\"La ciencia detr\u00e1s de CuraVac Enfermedades autoinmunes Las enfermedades autoinmunes son afecciones en las que el sistema inmunitario se vuelve err\u00f3neamente contra partes del cuerpo como si fueran c\u00e9lulas extra\u00f1as da\u00f1inas. En respuesta a un desencadenante desconocido que puede ser de naturaleza medioambiental o gen\u00e9tica, el sistema inmunitario comienza a producir anticuerpos que, en lugar &hellip; La ciencia Leer m\u00e1s &raquo;\" \/>\n<meta property=\"og:url\" content=\"https:\/\/www.curavac.com\/science-2\" \/>\n<meta property=\"og:site_name\" content=\"CuraVac\" \/>\n<meta property=\"article:modified_time\" content=\"2025-04-16T11:02:32+00:00\" \/>\n<meta name=\"twitter:card\" content=\"summary_large_image\" \/>\n<meta name=\"twitter:label1\" content=\"Tiempo de lectura\" \/>\n\t<meta name=\"twitter:data1\" content=\"1 minuto\" \/>\n<script type=\"application\/ld+json\" class=\"yoast-schema-graph\">{\"@context\":\"https:\/\/schema.org\",\"@graph\":[{\"@type\":\"WebPage\",\"@id\":\"https:\/\/www.curavac.com\/science-2\",\"url\":\"https:\/\/www.curavac.com\/science-2\",\"name\":\"La ciencia - CuraVac\",\"isPartOf\":{\"@id\":\"https:\/\/www.curavac.com\/#website\"},\"datePublished\":\"2021-11-25T10:33:48+00:00\",\"dateModified\":\"2025-04-16T11:02:32+00:00\",\"breadcrumb\":{\"@id\":\"https:\/\/www.curavac.com\/science-2#breadcrumb\"},\"inLanguage\":\"es\",\"potentialAction\":[{\"@type\":\"ReadAction\",\"target\":[\"https:\/\/www.curavac.com\/science-2\"]}]},{\"@type\":\"BreadcrumbList\",\"@id\":\"https:\/\/www.curavac.com\/science-2#breadcrumb\",\"itemListElement\":[{\"@type\":\"ListItem\",\"position\":1,\"name\":\"Home\",\"item\":\"https:\/\/www.curavac.com\/es\"},{\"@type\":\"ListItem\",\"position\":2,\"name\":\"La ciencia\"}]},{\"@type\":\"WebSite\",\"@id\":\"https:\/\/www.curavac.com\/#website\",\"url\":\"https:\/\/www.curavac.com\/\",\"name\":\"CuraVac\",\"description\":\"Targeted Active Therapy for Autoimmune Diseases\",\"publisher\":{\"@id\":\"https:\/\/www.curavac.com\/#organization\"},\"potentialAction\":[{\"@type\":\"SearchAction\",\"target\":{\"@type\":\"EntryPoint\",\"urlTemplate\":\"https:\/\/www.curavac.com\/?s={search_term_string}\"},\"query-input\":{\"@type\":\"PropertyValueSpecification\",\"valueRequired\":true,\"valueName\":\"search_term_string\"}}],\"inLanguage\":\"es\"},{\"@type\":\"Organization\",\"@id\":\"https:\/\/www.curavac.com\/#organization\",\"name\":\"CuraVac\",\"url\":\"https:\/\/www.curavac.com\/\",\"logo\":{\"@type\":\"ImageObject\",\"inLanguage\":\"es\",\"@id\":\"https:\/\/www.curavac.com\/#\/schema\/logo\/image\/\",\"url\":\"https:\/\/www.curavac.com\/wp-content\/uploads\/2025\/04\/cropped-cropped-Taransparant-4.png\",\"contentUrl\":\"https:\/\/www.curavac.com\/wp-content\/uploads\/2025\/04\/cropped-cropped-Taransparant-4.png\",\"width\":1215,\"height\":331,\"caption\":\"CuraVac\"},\"image\":{\"@id\":\"https:\/\/www.curavac.com\/#\/schema\/logo\/image\/\"}}]}<\/script>\n<!-- \/ Yoast SEO plugin. -->","yoast_head_json":{"title":"La ciencia - CuraVac","robots":{"index":"index","follow":"follow","max-snippet":"max-snippet:-1","max-image-preview":"max-image-preview:large","max-video-preview":"max-video-preview:-1"},"canonical":"https:\/\/www.curavac.com\/science-2","og_locale":"es_ES","og_type":"article","og_title":"La ciencia - CuraVac","og_description":"La ciencia detr\u00e1s de CuraVac Enfermedades autoinmunes Las enfermedades autoinmunes son afecciones en las que el sistema inmunitario se vuelve err\u00f3neamente contra partes del cuerpo como si fueran c\u00e9lulas extra\u00f1as da\u00f1inas. En respuesta a un desencadenante desconocido que puede ser de naturaleza medioambiental o gen\u00e9tica, el sistema inmunitario comienza a producir anticuerpos que, en lugar &hellip; La ciencia Leer m\u00e1s &raquo;","og_url":"https:\/\/www.curavac.com\/science-2","og_site_name":"CuraVac","article_modified_time":"2025-04-16T11:02:32+00:00","twitter_card":"summary_large_image","twitter_misc":{"Tiempo de lectura":"1 minuto"},"schema":{"@context":"https:\/\/schema.org","@graph":[{"@type":"WebPage","@id":"https:\/\/www.curavac.com\/science-2","url":"https:\/\/www.curavac.com\/science-2","name":"La ciencia - CuraVac","isPartOf":{"@id":"https:\/\/www.curavac.com\/#website"},"datePublished":"2021-11-25T10:33:48+00:00","dateModified":"2025-04-16T11:02:32+00:00","breadcrumb":{"@id":"https:\/\/www.curavac.com\/science-2#breadcrumb"},"inLanguage":"es","potentialAction":[{"@type":"ReadAction","target":["https:\/\/www.curavac.com\/science-2"]}]},{"@type":"BreadcrumbList","@id":"https:\/\/www.curavac.com\/science-2#breadcrumb","itemListElement":[{"@type":"ListItem","position":1,"name":"Home","item":"https:\/\/www.curavac.com\/es"},{"@type":"ListItem","position":2,"name":"La ciencia"}]},{"@type":"WebSite","@id":"https:\/\/www.curavac.com\/#website","url":"https:\/\/www.curavac.com\/","name":"CuraVac","description":"Targeted Active Therapy for Autoimmune Diseases","publisher":{"@id":"https:\/\/www.curavac.com\/#organization"},"potentialAction":[{"@type":"SearchAction","target":{"@type":"EntryPoint","urlTemplate":"https:\/\/www.curavac.com\/?s={search_term_string}"},"query-input":{"@type":"PropertyValueSpecification","valueRequired":true,"valueName":"search_term_string"}}],"inLanguage":"es"},{"@type":"Organization","@id":"https:\/\/www.curavac.com\/#organization","name":"CuraVac","url":"https:\/\/www.curavac.com\/","logo":{"@type":"ImageObject","inLanguage":"es","@id":"https:\/\/www.curavac.com\/#\/schema\/logo\/image\/","url":"https:\/\/www.curavac.com\/wp-content\/uploads\/2025\/04\/cropped-cropped-Taransparant-4.png","contentUrl":"https:\/\/www.curavac.com\/wp-content\/uploads\/2025\/04\/cropped-cropped-Taransparant-4.png","width":1215,"height":331,"caption":"CuraVac"},"image":{"@id":"https:\/\/www.curavac.com\/#\/schema\/logo\/image\/"}}]}},"_links":{"self":[{"href":"https:\/\/www.curavac.com\/es\/wp-json\/wp\/v2\/pages\/3433","targetHints":{"allow":["GET"]}}],"collection":[{"href":"https:\/\/www.curavac.com\/es\/wp-json\/wp\/v2\/pages"}],"about":[{"href":"https:\/\/www.curavac.com\/es\/wp-json\/wp\/v2\/types\/page"}],"author":[{"embeddable":true,"href":"https:\/\/www.curavac.com\/es\/wp-json\/wp\/v2\/users\/1"}],"replies":[{"embeddable":true,"href":"https:\/\/www.curavac.com\/es\/wp-json\/wp\/v2\/comments?post=3433"}],"version-history":[{"count":8,"href":"https:\/\/www.curavac.com\/es\/wp-json\/wp\/v2\/pages\/3433\/revisions"}],"predecessor-version":[{"id":4762,"href":"https:\/\/www.curavac.com\/es\/wp-json\/wp\/v2\/pages\/3433\/revisions\/4762"}],"wp:attachment":[{"href":"https:\/\/www.curavac.com\/es\/wp-json\/wp\/v2\/media?parent=3433"}],"curies":[{"name":"wp","href":"https:\/\/api.w.org\/{rel}","templated":true}]}}