{"id":3411,"date":"2021-11-18T12:05:58","date_gmt":"2021-11-18T11:05:58","guid":{"rendered":"https:\/\/www.curavac.com\/la-junta-asesora-independiente"},"modified":"2025-03-18T12:37:24","modified_gmt":"2025-03-18T11:37:24","slug":"la-junta-asesora-independiente","status":"publish","type":"page","link":"https:\/\/www.curavac.com\/es\/la-junta-asesora-independiente","title":{"rendered":"La Junta Asesora Independiente"},"content":{"rendered":"\n<p>El Consejo Asesor Independiente de CuraVac est\u00e1 compuesto por cinco especialistas clave de la industria o del mundo acad\u00e9mico que ayudan al equipo directivo de CuraVac en sus decisiones estrat\u00e9gicas con sus valiosas aportaciones.<\/p>\n\n<h5 class=\"wp-block-heading\">Dr. Didier Hoch, M.D.<\/h5>\n\n<figure><a href=\"hts:\/\/www.curavac.com\/wp-content\/uploads\/2014\/08\/Hoch_D_2014_200.jpg\"><img decoding=\"async\" src=\"hts:\/\/www.curavac.com\/wp-content\/uploads\/2014\/08\/Hoch_D_2014_200-199x300.jpg\" alt=\"Hoch_D_2014_200\"\/><\/a><\/figure>\n<p>El Dr. Didier Hoch es el director general de BIOVISION, el Foro Mundial de Ciencias de la Vida. Es doctor en medicina y cuenta con m\u00e1s de 25 a\u00f1os de experiencia en las industrias farmac\u00e9utica y de vacunas. De 2000 a 2010, estuvo al frente de Sanofi Pasteur MSD, l\u00edder del mercado de vacunas, responsable del desarrollo y la distribuci\u00f3n de varias vacunas, entre las que destaca Gardasil. De 2003 a 2009, fue presidente de la Asociaci\u00f3n Europea de Fabricantes de Vacunas (EVM).<\/p>\n\n<p>Desde 2009, Didier Hoch preside el Comit\u00e9 de Salud y Ciencia del MEDEF y es miembro del consejo de administraci\u00f3n de varias empresas biotecnol\u00f3gicas.<\/p>\n\n<h5 class=\"wp-block-heading\">\u00a0<\/h5>\n<h5>Dr. Jean-Paul Prieels, Doctor en Medicina<\/h5>\n\n<figure><a href=\"hts:\/\/www.curavac.com\/wp-content\/uploads\/2014\/08\/Prieels_JP_2014_200.jpg\"><img decoding=\"async\" src=\"hts:\/\/www.curavac.com\/wp-content\/uploads\/2014\/08\/Prieels_JP_2014_200.jpg\" alt=\"Prieels_JP_2014_200\"\/><\/a><\/figure>\n<p>El Dr. Jean-Paul Prieels, Ph.D, fue Vicepresidente Senior de Investigaci\u00f3n y Desarrollo en GlaxoSmithKline Biologicals (ahora GSK Vaccines) hasta enero de 2011. El Dr. Prieels se incorpor\u00f3 a GlaxoSmithKline Biologicals en 1987 como Director Asociado de Evaluaci\u00f3n de Proyectos de I+D. Sus responsabilidades se ampliaron gradualmente hasta dirigir las actividades globales de desarrollo de I+D de vacunas en Rixensart, B\u00e9lgica. Su carrera abarca desde la investigaci\u00f3n b\u00e1sica hasta el desarrollo de procesos y productos. Desempe\u00f1\u00f3 un papel decisivo en el desarrollo de varias vacunas disponibles en el mercado, como las del rotavirus, el virus del papiloma humano (VPH), los conjugados antineumoc\u00f3cicos y otras. Fue jefe de Investigaci\u00f3n en GSK Vaccines.<br\/>Es director de Vaximm AG. Desde 2007, es miembro del Consejo Asesor Cient\u00edfico del Instituto de Tecnolog\u00eda de Bioprocesamiento de Singapur. Es presidente del Consejo de Immune Health y tambi\u00e9n fue miembro del Consejo de Henogen de 2000 a 2008.<\/p>\n\n<p>.<\/p>\n\n<h5 class=\"wp-block-heading\">Prof. Dr. Marc De Baets, M.D., Ph.D.<\/h5>\n\n<figure><a href=\"hts:\/\/www.curavac.com\/wp-content\/uploads\/2014\/08\/De_Baets_M_2014_200.jpg\"><img decoding=\"async\" src=\"hts:\/\/www.curavac.com\/wp-content\/uploads\/2014\/08\/De_Baets_M_2014_200.jpg\" alt=\"De_Baets_M_2014_200\"\/><\/a><\/figure>\n<p>El Prof. Dr. Marc De Baets tiene experiencia en el tratamiento cl\u00ednico de pacientes con MG y en la investigaci\u00f3n en el campo de la MG. Trabaja en la cl\u00ednica de neurolog\u00eda del Hospital Universitario de Maastricht, donde atiende a 15 pacientes con MG cada semana (600 contactos con pacientes al a\u00f1o). Junto con el profesor Maessen, cirujano tor\u00e1cico, coordina el Programa de Timectom\u00eda Rob\u00f3tica de los Pa\u00edses Bajos. El MUMC ha realizado m\u00e1s de 150 timectom\u00edas en pacientes con MG. Su equipo ha producido anticuerpos anti AChR totalmente humanos y variantes no pat\u00f3genas para su ensayo en primates no humanos. Tambi\u00e9n ha tratado con \u00e9xito la EAMG con transferencia de genes mediante m\u00e9todos no virales (electrotransferencia in vivo al m\u00fasculo) y ha desarrollado anticuerpos competidores humanos recombinantes en modelos animales de MG.<\/p>\n\n<p>.<\/p>\n\n<h5 class=\"wp-block-heading\">Dr. Bruce Forrest, M.D., MBA<\/h5>\n\n<figure><a href=\"hts:\/\/www.curavac.com\/wp-content\/uploads\/2015\/04\/BruceForrestpic.jpg\"><img decoding=\"async\" src=\"hts:\/\/www.curavac.com\/wp-content\/uploads\/2015\/04\/BruceForrestpic-200x300.jpg\" alt=\"BruceForrestpic\"\/><\/a><\/figure>\n<p>El Dr. Forrest aporta a la empresa m\u00e1s de 25 a\u00f1os de liderazgo mundial en el desarrollo farmac\u00e9utico, con experiencia especializada en el desarrollo de vacunas y productos biofarmac\u00e9uticos tanto en los principales mercados como en los emergentes. El Dr. Forrest posee una amplia experiencia y conocimiento sobre el terreno del entorno del desarrollo farmac\u00e9utico en Asia, especialmente en Jap\u00f3n, donde trabaj\u00f3 como miembro de la Junta Directiva, director corporativo y Jefe de I+D de Wyeth K.K. En este puesto en Wyeth supervis\u00f3 los registros y aprobaciones locales de numerosas vacunas y terapias, incluidas la vacuna conjugada neumoc\u00f3cica y la tigeciclina, y fue responsable de las actividades generales de desarrollo en toda Asia Oriental. Como vicepresidente senior de Wyeth Pharmaceuticals, el Dr. Forrest fue responsable de todas las actividades de desarrollo y fabricaci\u00f3n en fase tard\u00eda de vacunas, incluida su vacuna viva atenuada contra la gripe. El Dr. Forrest se licenci\u00f3 y se doctor\u00f3 en la Facultad de Medicina de la Universidad de Adelaida y obtuvo un m\u00e1ster en Administraci\u00f3n de Empresas en la Universidad de Warwick, Reino Unido.<\/p>\n","protected":false},"excerpt":{"rendered":"<p>El Consejo Asesor Independiente de CuraVac est\u00e1 compuesto por cinco especialistas clave de la industria o del mundo acad\u00e9mico que ayudan al equipo directivo de CuraVac en sus decisiones estrat\u00e9gicas con sus valiosas aportaciones. Dr. Didier Hoch, M.D. El Dr. Didier Hoch es el director general de BIOVISION, el Foro Mundial de Ciencias de la &hellip;<\/p>\n<p class=\"read-more\"> <a class=\"\" href=\"https:\/\/www.curavac.com\/es\/la-junta-asesora-independiente\"> <span class=\"screen-reader-text\">La Junta Asesora Independiente<\/span> Leer m\u00e1s &raquo;<\/a><\/p>\n","protected":false},"author":1,"featured_media":0,"parent":0,"menu_order":0,"comment_status":"closed","ping_status":"closed","template":"","meta":{"site-sidebar-layout":"default","site-content-layout":"default","ast-main-header-display":"","ast-hfb-above-header-display":"","ast-hfb-below-header-display":"","ast-hfb-mobile-header-display":"","site-post-title":"","ast-breadcrumbs-content":"","ast-featured-img":"","footer-sml-layout":"","theme-transparent-header-meta":"","adv-header-id-meta":"","stick-header-meta":"","header-above-stick-meta":"","header-main-stick-meta":"","header-below-stick-meta":"","footnotes":""},"class_list":["post-3411","page","type-page","status-publish","hentry"],"yoast_head":"<!-- This site is optimized with the Yoast SEO plugin v25.0 - https:\/\/yoast.com\/wordpress\/plugins\/seo\/ -->\n<title>La Junta Asesora Independiente - CuraVac<\/title>\n<meta name=\"robots\" content=\"index, follow, max-snippet:-1, max-image-preview:large, max-video-preview:-1\" \/>\n<link rel=\"canonical\" href=\"https:\/\/www.curavac.com\/the-independent-advisory-board\" \/>\n<meta property=\"og:locale\" content=\"es_ES\" \/>\n<meta property=\"og:type\" content=\"article\" \/>\n<meta property=\"og:title\" content=\"La Junta Asesora Independiente - CuraVac\" \/>\n<meta property=\"og:description\" content=\"El Consejo Asesor Independiente de CuraVac est\u00e1 compuesto por cinco especialistas clave de la industria o del mundo acad\u00e9mico que ayudan al equipo directivo de CuraVac en sus decisiones estrat\u00e9gicas con sus valiosas aportaciones. Dr. Didier Hoch, M.D. El Dr. Didier Hoch es el director general de BIOVISION, el Foro Mundial de Ciencias de la &hellip; La Junta Asesora Independiente Leer m\u00e1s &raquo;\" \/>\n<meta property=\"og:url\" content=\"https:\/\/www.curavac.com\/the-independent-advisory-board\" \/>\n<meta property=\"og:site_name\" content=\"CuraVac\" \/>\n<meta property=\"article:modified_time\" content=\"2025-03-18T11:37:24+00:00\" \/>\n<meta property=\"og:image\" content=\"\" \/>\n<meta name=\"twitter:card\" content=\"summary_large_image\" \/>\n<meta name=\"twitter:label1\" content=\"Tiempo de lectura\" \/>\n\t<meta name=\"twitter:data1\" content=\"3 minutos\" \/>\n<script type=\"application\/ld+json\" class=\"yoast-schema-graph\">{\"@context\":\"https:\/\/schema.org\",\"@graph\":[{\"@type\":\"WebPage\",\"@id\":\"https:\/\/www.curavac.com\/the-independent-advisory-board\",\"url\":\"https:\/\/www.curavac.com\/the-independent-advisory-board\",\"name\":\"La Junta Asesora Independiente - CuraVac\",\"isPartOf\":{\"@id\":\"https:\/\/www.curavac.com\/#website\"},\"primaryImageOfPage\":{\"@id\":\"https:\/\/www.curavac.com\/the-independent-advisory-board#primaryimage\"},\"image\":{\"@id\":\"https:\/\/www.curavac.com\/the-independent-advisory-board#primaryimage\"},\"thumbnailUrl\":\"hts:\/\/www.curavac.com\/wp-content\/uploads\/2014\/08\/Hoch_D_2014_200-199x300.jpg\",\"datePublished\":\"2021-11-18T11:05:58+00:00\",\"dateModified\":\"2025-03-18T11:37:24+00:00\",\"breadcrumb\":{\"@id\":\"https:\/\/www.curavac.com\/the-independent-advisory-board#breadcrumb\"},\"inLanguage\":\"es\",\"potentialAction\":[{\"@type\":\"ReadAction\",\"target\":[\"https:\/\/www.curavac.com\/the-independent-advisory-board\"]}]},{\"@type\":\"ImageObject\",\"inLanguage\":\"es\",\"@id\":\"https:\/\/www.curavac.com\/the-independent-advisory-board#primaryimage\",\"url\":\"hts:\/\/www.curavac.com\/wp-content\/uploads\/2014\/08\/Hoch_D_2014_200-199x300.jpg\",\"contentUrl\":\"hts:\/\/www.curavac.com\/wp-content\/uploads\/2014\/08\/Hoch_D_2014_200-199x300.jpg\"},{\"@type\":\"BreadcrumbList\",\"@id\":\"https:\/\/www.curavac.com\/the-independent-advisory-board#breadcrumb\",\"itemListElement\":[{\"@type\":\"ListItem\",\"position\":1,\"name\":\"Home\",\"item\":\"https:\/\/www.curavac.com\/es\"},{\"@type\":\"ListItem\",\"position\":2,\"name\":\"La Junta Asesora Independiente\"}]},{\"@type\":\"WebSite\",\"@id\":\"https:\/\/www.curavac.com\/#website\",\"url\":\"https:\/\/www.curavac.com\/\",\"name\":\"CuraVac\",\"description\":\"Targeted Active Therapy for Autoimmune Diseases\",\"publisher\":{\"@id\":\"https:\/\/www.curavac.com\/#organization\"},\"potentialAction\":[{\"@type\":\"SearchAction\",\"target\":{\"@type\":\"EntryPoint\",\"urlTemplate\":\"https:\/\/www.curavac.com\/?s={search_term_string}\"},\"query-input\":{\"@type\":\"PropertyValueSpecification\",\"valueRequired\":true,\"valueName\":\"search_term_string\"}}],\"inLanguage\":\"es\"},{\"@type\":\"Organization\",\"@id\":\"https:\/\/www.curavac.com\/#organization\",\"name\":\"CuraVac\",\"url\":\"https:\/\/www.curavac.com\/\",\"logo\":{\"@type\":\"ImageObject\",\"inLanguage\":\"es\",\"@id\":\"https:\/\/www.curavac.com\/#\/schema\/logo\/image\/\",\"url\":\"https:\/\/www.curavac.com\/wp-content\/uploads\/2025\/04\/cropped-cropped-Taransparant-4.png\",\"contentUrl\":\"https:\/\/www.curavac.com\/wp-content\/uploads\/2025\/04\/cropped-cropped-Taransparant-4.png\",\"width\":1215,\"height\":331,\"caption\":\"CuraVac\"},\"image\":{\"@id\":\"https:\/\/www.curavac.com\/#\/schema\/logo\/image\/\"}}]}<\/script>\n<!-- \/ Yoast SEO plugin. -->","yoast_head_json":{"title":"La Junta Asesora Independiente - CuraVac","robots":{"index":"index","follow":"follow","max-snippet":"max-snippet:-1","max-image-preview":"max-image-preview:large","max-video-preview":"max-video-preview:-1"},"canonical":"https:\/\/www.curavac.com\/the-independent-advisory-board","og_locale":"es_ES","og_type":"article","og_title":"La Junta Asesora Independiente - CuraVac","og_description":"El Consejo Asesor Independiente de CuraVac est\u00e1 compuesto por cinco especialistas clave de la industria o del mundo acad\u00e9mico que ayudan al equipo directivo de CuraVac en sus decisiones estrat\u00e9gicas con sus valiosas aportaciones. Dr. Didier Hoch, M.D. El Dr. Didier Hoch es el director general de BIOVISION, el Foro Mundial de Ciencias de la &hellip; La Junta Asesora Independiente Leer m\u00e1s &raquo;","og_url":"https:\/\/www.curavac.com\/the-independent-advisory-board","og_site_name":"CuraVac","article_modified_time":"2025-03-18T11:37:24+00:00","og_image":[{"url":"hts:\/\/www.curavac.com\/wp-content\/uploads\/2014\/08\/Hoch_D_2014_200-199x300.jpg","type":"","width":"","height":""}],"twitter_card":"summary_large_image","twitter_misc":{"Tiempo de lectura":"3 minutos"},"schema":{"@context":"https:\/\/schema.org","@graph":[{"@type":"WebPage","@id":"https:\/\/www.curavac.com\/the-independent-advisory-board","url":"https:\/\/www.curavac.com\/the-independent-advisory-board","name":"La Junta Asesora Independiente - CuraVac","isPartOf":{"@id":"https:\/\/www.curavac.com\/#website"},"primaryImageOfPage":{"@id":"https:\/\/www.curavac.com\/the-independent-advisory-board#primaryimage"},"image":{"@id":"https:\/\/www.curavac.com\/the-independent-advisory-board#primaryimage"},"thumbnailUrl":"hts:\/\/www.curavac.com\/wp-content\/uploads\/2014\/08\/Hoch_D_2014_200-199x300.jpg","datePublished":"2021-11-18T11:05:58+00:00","dateModified":"2025-03-18T11:37:24+00:00","breadcrumb":{"@id":"https:\/\/www.curavac.com\/the-independent-advisory-board#breadcrumb"},"inLanguage":"es","potentialAction":[{"@type":"ReadAction","target":["https:\/\/www.curavac.com\/the-independent-advisory-board"]}]},{"@type":"ImageObject","inLanguage":"es","@id":"https:\/\/www.curavac.com\/the-independent-advisory-board#primaryimage","url":"hts:\/\/www.curavac.com\/wp-content\/uploads\/2014\/08\/Hoch_D_2014_200-199x300.jpg","contentUrl":"hts:\/\/www.curavac.com\/wp-content\/uploads\/2014\/08\/Hoch_D_2014_200-199x300.jpg"},{"@type":"BreadcrumbList","@id":"https:\/\/www.curavac.com\/the-independent-advisory-board#breadcrumb","itemListElement":[{"@type":"ListItem","position":1,"name":"Home","item":"https:\/\/www.curavac.com\/es"},{"@type":"ListItem","position":2,"name":"La Junta Asesora Independiente"}]},{"@type":"WebSite","@id":"https:\/\/www.curavac.com\/#website","url":"https:\/\/www.curavac.com\/","name":"CuraVac","description":"Targeted Active Therapy for Autoimmune Diseases","publisher":{"@id":"https:\/\/www.curavac.com\/#organization"},"potentialAction":[{"@type":"SearchAction","target":{"@type":"EntryPoint","urlTemplate":"https:\/\/www.curavac.com\/?s={search_term_string}"},"query-input":{"@type":"PropertyValueSpecification","valueRequired":true,"valueName":"search_term_string"}}],"inLanguage":"es"},{"@type":"Organization","@id":"https:\/\/www.curavac.com\/#organization","name":"CuraVac","url":"https:\/\/www.curavac.com\/","logo":{"@type":"ImageObject","inLanguage":"es","@id":"https:\/\/www.curavac.com\/#\/schema\/logo\/image\/","url":"https:\/\/www.curavac.com\/wp-content\/uploads\/2025\/04\/cropped-cropped-Taransparant-4.png","contentUrl":"https:\/\/www.curavac.com\/wp-content\/uploads\/2025\/04\/cropped-cropped-Taransparant-4.png","width":1215,"height":331,"caption":"CuraVac"},"image":{"@id":"https:\/\/www.curavac.com\/#\/schema\/logo\/image\/"}}]}},"_links":{"self":[{"href":"https:\/\/www.curavac.com\/es\/wp-json\/wp\/v2\/pages\/3411","targetHints":{"allow":["GET"]}}],"collection":[{"href":"https:\/\/www.curavac.com\/es\/wp-json\/wp\/v2\/pages"}],"about":[{"href":"https:\/\/www.curavac.com\/es\/wp-json\/wp\/v2\/types\/page"}],"author":[{"embeddable":true,"href":"https:\/\/www.curavac.com\/es\/wp-json\/wp\/v2\/users\/1"}],"replies":[{"embeddable":true,"href":"https:\/\/www.curavac.com\/es\/wp-json\/wp\/v2\/comments?post=3411"}],"version-history":[{"count":7,"href":"https:\/\/www.curavac.com\/es\/wp-json\/wp\/v2\/pages\/3411\/revisions"}],"predecessor-version":[{"id":4553,"href":"https:\/\/www.curavac.com\/es\/wp-json\/wp\/v2\/pages\/3411\/revisions\/4553"}],"wp:attachment":[{"href":"https:\/\/www.curavac.com\/es\/wp-json\/wp\/v2\/media?parent=3411"}],"curies":[{"name":"wp","href":"https:\/\/api.w.org\/{rel}","templated":true}]}}