{"id":3395,"date":"2021-11-25T15:21:44","date_gmt":"2021-11-25T14:21:44","guid":{"rendered":"https:\/\/www.curavac.com\/nuestra-tecnologia"},"modified":"2025-04-16T13:42:42","modified_gmt":"2025-04-16T11:42:42","slug":"nuestra-tecnologia","status":"publish","type":"page","link":"https:\/\/www.curavac.com\/es\/nuestra-tecnologia","title":{"rendered":"Nuestra tecnolog\u00eda"},"content":{"rendered":"<style>\ufeff\/*! elementor - v3.6.5 - 27-04-2022 *\/<br \/>.e-container.e-container--row .elementor-spacer-inner{width:var(--spacer-size)}.e-container.e-container--column .elementor-spacer-inner,.elementor-column .elementor-spacer-inner{height:var(--spacer-size)}<\/style>\n<style>\/*! elementor - v3.6.5 - 27-04-2022 *\/<br \/>.elementor-heading-title{padding:0;margin:0;line-height:1}.elementor-widget-heading .elementor-heading-title[class*=elementor-size-]>a{color:inherit;font-size:inherit;line-height:inherit}.elementor-widget-heading .elementor-heading-title.elementor-size-small{font-size:15px}.elementor-widget-heading .elementor-heading-title.elementor-size-medium{font-size:19px}.elementor-widget-heading .elementor-heading-title.elementor-size-large{font-size:29px}.elementor-widget-heading .elementor-heading-title.elementor-size-xl{font-size:39px}.elementor-widget-heading .elementor-heading-title.elementor-size-xxl{font-size:59px}<\/style>\n<h2>Nuestra tecnolog\u00eda<\/h2>\n<style>\/*! elementor - v3.6.5 - 27-04-2022 *\/<br \/>.elementor-widget-image{text-align:center}.elementor-widget-image a{display:inline-block}.elementor-widget-image a img[src$=\".svg\"]{width:48px}.elementor-widget-image img{vertical-align:middle;display:inline-block}<\/style>\n<p><img loading=\"lazy\" decoding=\"async\" src=\"https:\/\/www.curavac.com\/wp-content\/uploads\/2021\/11\/1837808365-huge-1024x606.jpg\" sizes=\"auto, (max-width: 1024px) 100vw, 1024px\" srcset=\"https:\/\/www.curavac.com\/wp-content\/uploads\/2021\/11\/1837808365-huge-1024x606.jpg 1024w, https:\/\/www.curavac.com\/wp-content\/uploads\/2021\/11\/1837808365-huge-300x177.jpg 300w, https:\/\/www.curavac.com\/wp-content\/uploads\/2021\/11\/1837808365-huge-768x454.jpg 768w, https:\/\/www.curavac.com\/wp-content\/uploads\/2021\/11\/1837808365-huge-1536x908.jpg 1536w, https:\/\/www.curavac.com\/wp-content\/uploads\/2021\/11\/1837808365-huge-2048x1211.jpg 2048w\" alt=\"\" width=\"1024\" height=\"606\" \/><\/p>\n<style>\/*! elementor - v3.6.5 - 27-04-2022 *\/<br \/>.elementor-widget-divider{--divider-border-style:none;--divider-border-width:1px;--divider-color:#2c2c2c;--divider-icon-size:20px;--divider-element-spacing:10px;--divider-pattern-height:24px;--divider-pattern-size:20px;--divider-pattern-url:none;--divider-pattern-repeat:repeat-x}.elementor-widget-divider .elementor-divider{display:-webkit-box;display:-ms-flexbox;display:flex}.elementor-widget-divider .elementor-divider__text{font-size:15px;line-height:1;max-width:95%}.elementor-widget-divider .elementor-divider__element{margin:0 var(--divider-element-spacing);-ms-flex-negative:0;flex-shrink:0}.elementor-widget-divider .elementor-icon{font-size:var(--divider-icon-size)}.elementor-widget-divider .elementor-divider-separator{display:-webkit-box;display:-ms-flexbox;display:flex;margin:0;direction:ltr}.elementor-widget-divider--view-line_icon .elementor-divider-separator,.elementor-widget-divider--view-line_text .elementor-divider-separator{-webkit-box-align:center;-ms-flex-align:center;align-items:center}.elementor-widget-divider--view-line_icon .elementor-divider-separator:after,.elementor-widget-divider--view-line_icon .elementor-divider-separator:before,.elementor-widget-divider--view-line_text .elementor-divider-separator:after,.elementor-widget-divider--view-line_text .elementor-divider-separator:before{display:block;content:\"\";border-bottom:0;-webkit-box-flex:1;-ms-flex-positive:1;flex-grow:1;border-top:var(--divider-border-width) var(--divider-border-style) var(--divider-color)}.elementor-widget-divider--element-align-left .elementor-divider .elementor-divider-separator>.elementor-divider__svg:first-of-type{-webkit-box-flex:0;-ms-flex-positive:0;flex-grow:0;-ms-flex-negative:100;flex-shrink:100}.elementor-widget-divider--element-align-left .elementor-divider-separator:before{content:none}.elementor-widget-divider--element-align-left .elementor-divider__element{margin-left:0}.elementor-widget-divider--element-align-right .elementor-divider .elementor-divider-separator>.elementor-divider__svg:last-of-type{-webkit-box-flex:0;-ms-flex-positive:0;flex-grow:0;-ms-flex-negative:100;flex-shrink:100}.elementor-widget-divider--element-align-right .elementor-divider-separator:after{content:none}.elementor-widget-divider--element-align-right .elementor-divider__element{margin-right:0}.elementor-widget-divider:not(.elementor-widget-divider--view-line_text):not(.elementor-widget-divider--view-line_icon) .elementor-divider-separator{border-top:var(--divider-border-width) var(--divider-border-style) var(--divider-color)}.elementor-widget-divider--separator-type-pattern{--divider-border-style:none}.elementor-widget-divider--separator-type-pattern.elementor-widget-divider--view-line .elementor-divider-separator,.elementor-widget-divider--separator-type-pattern:not(.elementor-widget-divider--view-line) .elementor-divider-separator:after,.elementor-widget-divider--separator-type-pattern:not(.elementor-widget-divider--view-line) .elementor-divider-separator:before,.elementor-widget-divider--separator-type-pattern:not([class*=elementor-widget-divider--view]) .elementor-divider-separator{width:100%;min-height:var(--divider-pattern-height);-webkit-mask-size:var(--divider-pattern-size) 100%;mask-size:var(--divider-pattern-size) 100%;-webkit-mask-repeat:var(--divider-pattern-repeat);mask-repeat:var(--divider-pattern-repeat);background-color:var(--divider-color);-webkit-mask-image:var(--divider-pattern-url);mask-image:var(--divider-pattern-url)}.elementor-widget-divider--no-spacing{--divider-pattern-size:auto}.elementor-widget-divider--bg-round{--divider-pattern-repeat:round}.rtl .elementor-widget-divider .elementor-divider__text{direction:rtl}<\/style>\n<p><strong>CuraVac<\/strong> es una empresa de biotecnolog\u00eda en fase cl\u00ednica que desarrolla el potencial m\u00e9dico y comercial de una t\u00e9cnica revolucionaria para la producci\u00f3n de Terapias Activas Dirigidas espec\u00edficas (o Inmunoterapias Activas Dirigidas) para enfermedades autoinmunes.<\/p>\n<p>Actualmente centramos nuestra investigaci\u00f3n en una Terapia Activa Dirigida para la Miastenia Grave (MG), una enfermedad autoinmune que ataca la uni\u00f3n neuromuscular y deteriora su capacidad de transmitir la afluencia nerviosa para desencadenar contracciones musculares. Esto provoca una debilidad muscular extrema y dificulta la realizaci\u00f3n de acciones como mantener los p\u00e1rpados abiertos, hablar, tragar o respirar.<\/p>\n<p>El objetivo de la respuesta autoinmune err\u00f3nea en la MG son los<strong> receptores de acetilcolina (AChr)<\/strong>, una prote\u00edna integral de membrana responsable de la uni\u00f3n al <strong>neurotransmisor acetilcolina (ACh)<\/strong>. En situaciones normales, una afluencia nerviosa induce la liberaci\u00f3n de ACh en la uni\u00f3n neuromuscular, Esta ACh se une entonces a los receptores, que, a su vez, se abren y dejan entrar iones en las c\u00e9lulas musculares, induciendo una contracci\u00f3n muscular normal.<\/p>\n<p>En los afectados por la miastenia grave, una regi\u00f3n de los receptores de acetilcolina, denominada <strong>inmunorregi\u00f3n principal<\/strong>, est\u00e1 mal dirigida y bloqueada por los anticuerpos. Esto los vuelve inactivos y conduce finalmente a su destrucci\u00f3n a trav\u00e9s de una cascada de reacciones biol\u00f3gicas.<\/p>\n<p>Comprendiendo que era aqu\u00ed donde deb\u00eda intervenir el tratamiento, y siguiendo un descubrimiento del profesor J. Edwin Blalock, CuraVac consigui\u00f3 crear un p\u00e9ptido ant\u00edgeno complementario observando <strong>la secuencia del ARNm<\/strong> de la inmunorregi\u00f3n principal y determinando su <strong>patr\u00f3n hidr\u00f3filo\/hidrof\u00f3bico<\/strong>. <strong>Invirtiendo<\/strong> entonces la secuencia del ARNm, obtuvimos el patr\u00f3n inverso que sirve de base para la fabricaci\u00f3n de nuestro p\u00e9ptido complementario.<\/p>\n<p>A continuaci\u00f3n, este p\u00e9ptido ant\u00edgeno complementario se inyecta simplemente al paciente mediante una terapia activa dirigida para inducir la creaci\u00f3n de anticuerpos complementarios. Estos anticuerpos complementarios se unen entonces a los autoanticuerpos agresores, incapacit\u00e1ndolos para conectarse a la regi\u00f3n inmunitaria principal de los receptores.<\/p>\n<p>Gracias a este proceso, los receptores de acetilcolina pueden funcionar como es debido y se restablece <strong>una funci\u00f3n neuromuscular sana.<\/strong><\/p>\n<p>Los f\u00e1rmacos disponibles actualmente en el mercado se basan en alteraciones agresivas del sistema inmunitario, a menudo reduciendo su eficacia global. Esto puede provocar efectos secundarios graves, sin curar eficazmente al paciente. Nuestro enfoque en CuraVac, es desarrollar un tratamiento que pueda centrarse s\u00f3lo en la parte ofensiva del sistema inmunol\u00f3gico, dejando las funciones sanas sin afectar.<\/p>\n<p>M\u00e1s adelante, nuestro objetivo es desarrollar tratamientos para otras enfermedades autoinmunes como <strong>la esclerosis m\u00faltiple (EM), la diabetes de tipo 1, la artritis reumatoide y el lupus eritematoso sist\u00e9mico (LES)<\/strong>, utilizando la misma tecnolog\u00eda de p\u00e9ptidos complementarios.<\/p>\n<p>Nuestra revolucionaria plataforma de desarrollo de p\u00e9ptidos complementarios ya ha demostrado su eficacia y seguridad en nuestro ensayo cl\u00ednico de fase 1 de la terapia activa dirigida contra la miastenia grave y ahora buscamos inversores para financiar nuestro ensayo cl\u00ednico de fase 2.<\/p>\n<p>El \u00e9xito de la primera Terapia Activa Dirigida de CuraVac es <strong>un avance potencial<\/strong> en el campo autoinmune y podr\u00eda abrir la puerta a un nuevo tipo de tratamiento. Uno que posiblemente pueda ofrecer una mejora duradera y aportar una cura potencial a los enfermos de enfermedades autoinmunes de todo el mundo.<\/p>\n<p>En CuraVac creemos en el tratamiento de las enfermedades, no en la terapia de mantenimiento. Queremos tratar a los pacientes para siempre y no tratar para siempre a los pacientes.<\/p>\n","protected":false},"excerpt":{"rendered":"<p>Nuestra tecnolog\u00eda CuraVac es una empresa de biotecnolog\u00eda en fase cl\u00ednica que desarrolla el potencial m\u00e9dico y comercial de una t\u00e9cnica revolucionaria para la producci\u00f3n de Terapias Activas Dirigidas espec\u00edficas (o Inmunoterapias Activas Dirigidas) para enfermedades autoinmunes. Actualmente centramos nuestra investigaci\u00f3n en una Terapia Activa Dirigida para la Miastenia Grave (MG), una enfermedad autoinmune que &hellip;<\/p>\n<p class=\"read-more\"> <a class=\"\" href=\"https:\/\/www.curavac.com\/es\/nuestra-tecnologia\"> <span class=\"screen-reader-text\">Nuestra tecnolog\u00eda<\/span> Leer m\u00e1s &raquo;<\/a><\/p>\n","protected":false},"author":1,"featured_media":0,"parent":0,"menu_order":0,"comment_status":"closed","ping_status":"closed","template":"","meta":{"site-sidebar-layout":"no-sidebar","site-content-layout":"page-builder","ast-main-header-display":"","ast-hfb-above-header-display":"","ast-hfb-below-header-display":"","ast-hfb-mobile-header-display":"","site-post-title":"disabled","ast-breadcrumbs-content":"","ast-featured-img":"disabled","footer-sml-layout":"","theme-transparent-header-meta":"","adv-header-id-meta":"","stick-header-meta":"","header-above-stick-meta":"","header-main-stick-meta":"","header-below-stick-meta":"","footnotes":""},"class_list":["post-3395","page","type-page","status-publish","hentry"],"yoast_head":"<!-- This site is optimized with the Yoast SEO plugin v25.0 - https:\/\/yoast.com\/wordpress\/plugins\/seo\/ -->\n<title>Nuestra tecnolog\u00eda - CuraVac<\/title>\n<meta name=\"robots\" content=\"index, follow, max-snippet:-1, max-image-preview:large, max-video-preview:-1\" \/>\n<link rel=\"canonical\" href=\"https:\/\/www.curavac.com\/our-technology\" \/>\n<meta property=\"og:locale\" content=\"es_ES\" \/>\n<meta property=\"og:type\" content=\"article\" \/>\n<meta property=\"og:title\" content=\"Nuestra tecnolog\u00eda - CuraVac\" \/>\n<meta property=\"og:description\" content=\"Nuestra tecnolog\u00eda CuraVac es una empresa de biotecnolog\u00eda en fase cl\u00ednica que desarrolla el potencial m\u00e9dico y comercial de una t\u00e9cnica revolucionaria para la producci\u00f3n de Terapias Activas Dirigidas espec\u00edficas (o Inmunoterapias Activas Dirigidas) para enfermedades autoinmunes. Actualmente centramos nuestra investigaci\u00f3n en una Terapia Activa Dirigida para la Miastenia Grave (MG), una enfermedad autoinmune que &hellip; Nuestra tecnolog\u00eda Leer m\u00e1s &raquo;\" \/>\n<meta property=\"og:url\" content=\"https:\/\/www.curavac.com\/our-technology\" \/>\n<meta property=\"og:site_name\" content=\"CuraVac\" \/>\n<meta property=\"article:modified_time\" content=\"2025-04-16T11:42:42+00:00\" \/>\n<meta property=\"og:image\" content=\"https:\/\/www.curavac.com\/wp-content\/uploads\/2021\/11\/1837808365-huge-1024x606.jpg\" \/>\n<meta name=\"twitter:card\" content=\"summary_large_image\" \/>\n<meta name=\"twitter:label1\" content=\"Tiempo de lectura\" \/>\n\t<meta name=\"twitter:data1\" content=\"3 minutos\" \/>\n<script type=\"application\/ld+json\" class=\"yoast-schema-graph\">{\"@context\":\"https:\/\/schema.org\",\"@graph\":[{\"@type\":\"WebPage\",\"@id\":\"https:\/\/www.curavac.com\/our-technology\",\"url\":\"https:\/\/www.curavac.com\/our-technology\",\"name\":\"Nuestra tecnolog\u00eda - CuraVac\",\"isPartOf\":{\"@id\":\"https:\/\/www.curavac.com\/#website\"},\"primaryImageOfPage\":{\"@id\":\"https:\/\/www.curavac.com\/our-technology#primaryimage\"},\"image\":{\"@id\":\"https:\/\/www.curavac.com\/our-technology#primaryimage\"},\"thumbnailUrl\":\"https:\/\/www.curavac.com\/wp-content\/uploads\/2021\/11\/1837808365-huge-1024x606.jpg\",\"datePublished\":\"2021-11-25T14:21:44+00:00\",\"dateModified\":\"2025-04-16T11:42:42+00:00\",\"breadcrumb\":{\"@id\":\"https:\/\/www.curavac.com\/our-technology#breadcrumb\"},\"inLanguage\":\"es\",\"potentialAction\":[{\"@type\":\"ReadAction\",\"target\":[\"https:\/\/www.curavac.com\/our-technology\"]}]},{\"@type\":\"ImageObject\",\"inLanguage\":\"es\",\"@id\":\"https:\/\/www.curavac.com\/our-technology#primaryimage\",\"url\":\"https:\/\/www.curavac.com\/wp-content\/uploads\/2021\/11\/1837808365-huge-1024x606.jpg\",\"contentUrl\":\"https:\/\/www.curavac.com\/wp-content\/uploads\/2021\/11\/1837808365-huge-1024x606.jpg\"},{\"@type\":\"BreadcrumbList\",\"@id\":\"https:\/\/www.curavac.com\/our-technology#breadcrumb\",\"itemListElement\":[{\"@type\":\"ListItem\",\"position\":1,\"name\":\"Home\",\"item\":\"https:\/\/www.curavac.com\/es\"},{\"@type\":\"ListItem\",\"position\":2,\"name\":\"Nuestra tecnolog\u00eda\"}]},{\"@type\":\"WebSite\",\"@id\":\"https:\/\/www.curavac.com\/#website\",\"url\":\"https:\/\/www.curavac.com\/\",\"name\":\"CuraVac\",\"description\":\"Targeted Active Therapy for Autoimmune Diseases\",\"publisher\":{\"@id\":\"https:\/\/www.curavac.com\/#organization\"},\"potentialAction\":[{\"@type\":\"SearchAction\",\"target\":{\"@type\":\"EntryPoint\",\"urlTemplate\":\"https:\/\/www.curavac.com\/?s={search_term_string}\"},\"query-input\":{\"@type\":\"PropertyValueSpecification\",\"valueRequired\":true,\"valueName\":\"search_term_string\"}}],\"inLanguage\":\"es\"},{\"@type\":\"Organization\",\"@id\":\"https:\/\/www.curavac.com\/#organization\",\"name\":\"CuraVac\",\"url\":\"https:\/\/www.curavac.com\/\",\"logo\":{\"@type\":\"ImageObject\",\"inLanguage\":\"es\",\"@id\":\"https:\/\/www.curavac.com\/#\/schema\/logo\/image\/\",\"url\":\"https:\/\/www.curavac.com\/wp-content\/uploads\/2025\/04\/cropped-cropped-Taransparant-4.png\",\"contentUrl\":\"https:\/\/www.curavac.com\/wp-content\/uploads\/2025\/04\/cropped-cropped-Taransparant-4.png\",\"width\":1215,\"height\":331,\"caption\":\"CuraVac\"},\"image\":{\"@id\":\"https:\/\/www.curavac.com\/#\/schema\/logo\/image\/\"}}]}<\/script>\n<!-- \/ Yoast SEO plugin. -->","yoast_head_json":{"title":"Nuestra tecnolog\u00eda - CuraVac","robots":{"index":"index","follow":"follow","max-snippet":"max-snippet:-1","max-image-preview":"max-image-preview:large","max-video-preview":"max-video-preview:-1"},"canonical":"https:\/\/www.curavac.com\/our-technology","og_locale":"es_ES","og_type":"article","og_title":"Nuestra tecnolog\u00eda - CuraVac","og_description":"Nuestra tecnolog\u00eda CuraVac es una empresa de biotecnolog\u00eda en fase cl\u00ednica que desarrolla el potencial m\u00e9dico y comercial de una t\u00e9cnica revolucionaria para la producci\u00f3n de Terapias Activas Dirigidas espec\u00edficas (o Inmunoterapias Activas Dirigidas) para enfermedades autoinmunes. Actualmente centramos nuestra investigaci\u00f3n en una Terapia Activa Dirigida para la Miastenia Grave (MG), una enfermedad autoinmune que &hellip; Nuestra tecnolog\u00eda Leer m\u00e1s &raquo;","og_url":"https:\/\/www.curavac.com\/our-technology","og_site_name":"CuraVac","article_modified_time":"2025-04-16T11:42:42+00:00","og_image":[{"url":"https:\/\/www.curavac.com\/wp-content\/uploads\/2021\/11\/1837808365-huge-1024x606.jpg","type":"","width":"","height":""}],"twitter_card":"summary_large_image","twitter_misc":{"Tiempo de lectura":"3 minutos"},"schema":{"@context":"https:\/\/schema.org","@graph":[{"@type":"WebPage","@id":"https:\/\/www.curavac.com\/our-technology","url":"https:\/\/www.curavac.com\/our-technology","name":"Nuestra tecnolog\u00eda - CuraVac","isPartOf":{"@id":"https:\/\/www.curavac.com\/#website"},"primaryImageOfPage":{"@id":"https:\/\/www.curavac.com\/our-technology#primaryimage"},"image":{"@id":"https:\/\/www.curavac.com\/our-technology#primaryimage"},"thumbnailUrl":"https:\/\/www.curavac.com\/wp-content\/uploads\/2021\/11\/1837808365-huge-1024x606.jpg","datePublished":"2021-11-25T14:21:44+00:00","dateModified":"2025-04-16T11:42:42+00:00","breadcrumb":{"@id":"https:\/\/www.curavac.com\/our-technology#breadcrumb"},"inLanguage":"es","potentialAction":[{"@type":"ReadAction","target":["https:\/\/www.curavac.com\/our-technology"]}]},{"@type":"ImageObject","inLanguage":"es","@id":"https:\/\/www.curavac.com\/our-technology#primaryimage","url":"https:\/\/www.curavac.com\/wp-content\/uploads\/2021\/11\/1837808365-huge-1024x606.jpg","contentUrl":"https:\/\/www.curavac.com\/wp-content\/uploads\/2021\/11\/1837808365-huge-1024x606.jpg"},{"@type":"BreadcrumbList","@id":"https:\/\/www.curavac.com\/our-technology#breadcrumb","itemListElement":[{"@type":"ListItem","position":1,"name":"Home","item":"https:\/\/www.curavac.com\/es"},{"@type":"ListItem","position":2,"name":"Nuestra tecnolog\u00eda"}]},{"@type":"WebSite","@id":"https:\/\/www.curavac.com\/#website","url":"https:\/\/www.curavac.com\/","name":"CuraVac","description":"Targeted Active Therapy for Autoimmune Diseases","publisher":{"@id":"https:\/\/www.curavac.com\/#organization"},"potentialAction":[{"@type":"SearchAction","target":{"@type":"EntryPoint","urlTemplate":"https:\/\/www.curavac.com\/?s={search_term_string}"},"query-input":{"@type":"PropertyValueSpecification","valueRequired":true,"valueName":"search_term_string"}}],"inLanguage":"es"},{"@type":"Organization","@id":"https:\/\/www.curavac.com\/#organization","name":"CuraVac","url":"https:\/\/www.curavac.com\/","logo":{"@type":"ImageObject","inLanguage":"es","@id":"https:\/\/www.curavac.com\/#\/schema\/logo\/image\/","url":"https:\/\/www.curavac.com\/wp-content\/uploads\/2025\/04\/cropped-cropped-Taransparant-4.png","contentUrl":"https:\/\/www.curavac.com\/wp-content\/uploads\/2025\/04\/cropped-cropped-Taransparant-4.png","width":1215,"height":331,"caption":"CuraVac"},"image":{"@id":"https:\/\/www.curavac.com\/#\/schema\/logo\/image\/"}}]}},"_links":{"self":[{"href":"https:\/\/www.curavac.com\/es\/wp-json\/wp\/v2\/pages\/3395","targetHints":{"allow":["GET"]}}],"collection":[{"href":"https:\/\/www.curavac.com\/es\/wp-json\/wp\/v2\/pages"}],"about":[{"href":"https:\/\/www.curavac.com\/es\/wp-json\/wp\/v2\/types\/page"}],"author":[{"embeddable":true,"href":"https:\/\/www.curavac.com\/es\/wp-json\/wp\/v2\/users\/1"}],"replies":[{"embeddable":true,"href":"https:\/\/www.curavac.com\/es\/wp-json\/wp\/v2\/comments?post=3395"}],"version-history":[{"count":8,"href":"https:\/\/www.curavac.com\/es\/wp-json\/wp\/v2\/pages\/3395\/revisions"}],"predecessor-version":[{"id":4792,"href":"https:\/\/www.curavac.com\/es\/wp-json\/wp\/v2\/pages\/3395\/revisions\/4792"}],"wp:attachment":[{"href":"https:\/\/www.curavac.com\/es\/wp-json\/wp\/v2\/media?parent=3395"}],"curies":[{"name":"wp","href":"https:\/\/api.w.org\/{rel}","templated":true}]}}